{"id":2378,"date":"2023-02-02T23:15:57","date_gmt":"2023-02-02T23:15:57","guid":{"rendered":"https:\/\/mihajlaw.com\/?page_id=2378"},"modified":"2023-02-23T11:36:35","modified_gmt":"2023-02-23T11:36:35","slug":"mihaela-turkan","status":"publish","type":"page","link":"https:\/\/mihajlaw.com\/en\/mihaela-turkan\/","title":{"rendered":"MIHAELA TURKAN"},"content":{"rendered":"<h1>Mihaela Turkan<\/h1>\n<div>\n<p>ATTORNEY AT LAW<\/p>\n<\/div>\n<p><img decoding=\"async\" src=\"\/wp-content\/uploads\/2023\/02\/MIHAELA-TURKAN-DSC_3610_1-R-KADAR-FIN.jpeg\" alt=\"\"><\/p>\n<p>\n    <a href=\"tel:+ 381 26 36 059\">+ 381 26 36 059<\/a>\n<\/p>\n<p>\n    <a href=\"mailto:mihaela.turkan@mihajlaw.com\">mihaela.turkan@mihajlaw.com<\/a>\n<\/p>\n<div>\n<p>After completing her studies at the Faculty of Law at the University of Belgrade, Mihaela also completed specialist studies in the field of tax consulting at the same faculty.<\/p>\n<p>She gained work experience as a law trainee with lawyer Milka Mihaj, and then as a junior associate at\u00a0 <em>Studio legale Giovanni Slawitz <\/em>in Parma and as an intern at the Commercial Court in Belgrade. In the office <em>MIHAJ LAW<\/em> office, works as lawyer.<\/p>\n<p>The areas of her professional work are labor law and human resources, tax law, procedural law and mediation.<\/p>\n<p>Mihaela speaks English.<\/p>\n<p>She enjoys volleyball, which she has been dedicated to playing for many years.<\/p>\n<\/div>\n<hr>\n<h2>AREA OF EXPERTISE<\/h2>\n<ul>\n<li>\n<div>\n<p>Labor Law and Human Resources<\/p>\n<\/div>\n<\/li>\n<li>\n<div>\n<p>Tax Law<\/p>\n<\/div>\n<\/li>\n<li>\n<div>\n<p>Proceedings Law<\/p>\n<\/div>\n<\/li>\n<li>\n<div>\n<p>Mediation<\/p>\n<\/div>\n<\/li>\n<\/ul>\n<hr>\n<h2>EDUCATION<\/h2>\n<ul>\n<li>\n<div>\n<p>Faculty of Law, University of Belgrade - graduate in law<\/p>\n<\/div>\n<\/li>\n<li>\n<div>\n<p>At the Faculty of Law in Belgrade - specialist studies with the topic \"Tax Consultancy\".\u00a0<\/p>\n<\/div>\n<\/li>\n<\/ul>\n<hr>\n<h2>EXPERIENCE<\/h2>\n<ul>\n<li>\n<h3>- Legal trainee with lawyer Milka Mihaj<\/h3>\n<\/li>\n<li>\n<h3>&#8211; <i>Studio legale Giovanni Slawitz <\/i> in Parma - junior associate<\/h3>\n<\/li>\n<li>\n<h3>- Belgrade Commercial Court - intern<\/h3>\n<\/li>\n<li>\n<h3 class=\"translation-block\">\u2013 <i>MIHAJ LAW  <\/i> \u2013 lawyer<\/h3>\n<\/li>\n<\/ul>\n<p><!--more--><br \/>\n<!-- {\"type\":\"layout\",\"children\":[{\"name\":\"Vita\",\"type\":\"section\",\"props\":{\"animation_delay\":false,\"image\":\"wp-content\\\/uploads\\\/2022\\\/12\\\/m-1-scaled.jpg\",\"image_height\":\"1400\",\"image_position\":\"center-center\",\"padding\":\"large\",\"style\":\"default\",\"title_breakpoint\":\"xl\",\"title_position\":\"top-left\",\"title_rotation\":\"left\",\"vertical_align\":\"middle\",\"width\":\"default\"},\"children\":[{\"name\":\"\",\"type\":\"row\",\"children\":[{\"name\":\"\",\"type\":\"column\",\"props\":{\"image_position\":\"center-center\",\"media_overlay_gradient\":\"\",\"position_sticky_breakpoint\":\"m\",\"width_medium\":\"1-1\"},\"children\":[{\"name\":\"\",\"type\":\"headline\",\"props\":{\"content\":\"Mihaela Turkan\",\"margin\":\"small\",\"title_decoration\":\"bullet\",\"title_element\":\"h1\",\"title_style\":\"h2\"}},{\"name\":\"\",\"type\":\"text\",\"props\":{\"column_breakpoint\":\"m\",\"content\":\"\n\n<p>ADVOKAT<\\\/p>\",\"margin\":\"remove-vertical\"}}]}]},{\"name\":\"\",\"type\":\"row\",\"props\":{\"column_gap\":\"small\",\"divider\":true,\"layout\":\"1-3,2-3\",\"row_gap\":\"medium\"},\"children\":[{\"name\":\"\",\"type\":\"column\",\"props\":{\"image_position\":\"center-center\",\"media_overlay_gradient\":\"\",\"position_sticky_breakpoint\":\"m\",\"width_small\":\"1-3\"},\"children\":[{\"name\":\"\",\"type\":\"image\",\"props\":{\"image\":\"wp-content\\\/uploads\\\/2023\\\/02\\\/MIHAELA-TURKAN-DSC_3610_1-R-KADAR-FIN.jpeg\",\"image_loading\":true,\"image_svg_color\":\"emphasis\",\"image_width\":\"600\",\"margin\":\"default\"}},{\"name\":\"\",\"type\":\"button\",\"props\":{\"grid_column_gap\":\"small\",\"grid_row_gap\":\"small\",\"margin\":\"remove-vertical\"},\"children\":[{\"name\":\"\",\"type\":\"button_item\",\"props\":{\"button_style\":\"link-text\",\"content\":\"+ 381 26 36 059\",\"icon\":\"receiver\",\"icon_align\":\"left\",\"link\":\"tel:+ 381 26 36 059\"}}]},{\"name\":\"\",\"type\":\"button\",\"props\":{\"grid_column_gap\":\"small\",\"grid_row_gap\":\"small\",\"margin\":\"remove-vertical\"},\"children\":[{\"name\":\"\",\"type\":\"button_item\",\"props\":{\"button_style\":\"\",\"content\":\"mihaela.turkan@mihajlaw.com\",\"icon\":\"mail\",\"icon_align\":\"left\",\"link\":\"mailto:mihaela.turkan@mihajlaw.com\"}}]}]},{\"name\":\"\",\"type\":\"column\",\"props\":{\"image\":\"\",\"image_position\":\"center-center\",\"media_overlay_gradient\":\"\",\"position_sticky_breakpoint\":\"m\",\"width_small\":\"2-3\"},\"children\":[{\"name\":\"\",\"type\":\"text\",\"props\":{\"column_breakpoint\":\"m\",\"content\":\"\n\n<p>Mihaela je, nakon okon\\u010danih studija Pravnog fakulteta Univerziteta u Beogradu, zavr\\u0161ila, na istom fakultetu, i specijalisti\\u010dke studije iz oblasti poreskog savetovanja.<\\\/p>\\n\n\n<p>Iskustvo u radu sticala je kao advokatski pripravnik kod advokata Milke Mihaj, a potom, kao mla\\u0111i saradnik u\\u00a0 <em>Studio legale Giovanni Slawitz <\\\/em>u Parmi i kao pripravnik u Privrednom sudu u Beogradu. U kancelariji <em>MIHAJ LAW<\\\/em> radi kao advokat.<\\\/p>\\n\n\n<p>Oblasti njenog stru\\u010dnog rada jesu radno pravo i ljudski resursi, poresko pravo, procesno pravo i medijacija.<\\\/p>\\n\n\n<p>Mihaela govori engleski jezik.<\\\/p>\\n\n\n<p>U\\u017eiva uz odbojku, kojoj je dugi niz godina bila i posve\\u0107ena igraju\\u0107i je.<\\\/p>\",\"margin\":\"default\",\"text_align\":\"left\"}}]}]},{\"type\":\"row\",\"children\":[{\"type\":\"column\",\"props\":{\"image_position\":\"center-center\",\"media_overlay_gradient\":\"\",\"position_sticky_breakpoint\":\"m\"},\"children\":[{\"type\":\"divider\",\"props\":{\"divider_element\":\"hr\"}}]}]},{\"type\":\"row\",\"props\":{\"layout\":\"1-4,3-4\"},\"children\":[{\"type\":\"column\",\"props\":{\"image_position\":\"center-center\",\"media_overlay_gradient\":\"\",\"position_sticky_breakpoint\":\"m\",\"width_medium\":\"1-4\"},\"children\":[{\"name\":\"\",\"type\":\"headline\",\"props\":{\"content\":\"STRU\\u010cNE OBLASTI\",\"title_decoration\":\"bullet\",\"title_element\":\"h2\",\"title_style\":\"h3\"}}]},{\"type\":\"column\",\"props\":{\"image_position\":\"center-center\",\"media_overlay_gradient\":\"\",\"position_sticky_breakpoint\":\"m\",\"width_medium\":\"3-4\"},\"children\":[{\"name\":\"\",\"type\":\"list\",\"props\":{\"column_breakpoint\":\"m\",\"image_align\":\"left\",\"image_svg_color\":\"emphasis\",\"image_vertical_align\":true,\"list_element\":\"ul\",\"list_horizontal_separator\":\", \",\"list_marker\":\"bullet\",\"list_size\":\"large\",\"list_type\":\"vertical\",\"margin\":\"small\",\"margin_remove_top\":false,\"show_image\":true,\"show_link\":true},\"children\":[{\"name\":\"\",\"type\":\"list_item\",\"props\":{\"content\":\"\n\n<p>Radno pravo i ljudski resursi<\\\/p>\"}},{\"name\":\"\",\"type\":\"list_item\",\"props\":{\"content\":\"\n\n<p>Poresko pravo<\\\/p>\"}},{\"name\":\"\",\"type\":\"list_item\",\"props\":{\"content\":\"\n\n<p>Procesno pravo<\\\/p>\"}},{\"name\":\"\",\"type\":\"list_item\",\"props\":{\"content\":\"\n\n<p>Medijacija<\\\/p>\"}}]}]}]},{\"type\":\"row\",\"children\":[{\"type\":\"column\",\"props\":{\"image_position\":\"center-center\",\"media_overlay_gradient\":\"\",\"position_sticky_breakpoint\":\"m\"},\"children\":[{\"type\":\"divider\",\"props\":{\"divider_element\":\"hr\"}}]}]},{\"type\":\"row\",\"props\":{\"layout\":\"1-4,3-4\"},\"children\":[{\"type\":\"column\",\"props\":{\"image_position\":\"center-center\",\"media_overlay_gradient\":\"\",\"position_sticky_breakpoint\":\"m\",\"width_medium\":\"1-4\"},\"children\":[{\"name\":\"\",\"type\":\"headline\",\"props\":{\"content\":\"EDUKACIJA\",\"title_decoration\":\"bullet\",\"title_element\":\"h2\",\"title_style\":\"h3\"}}]},{\"type\":\"column\",\"props\":{\"image_position\":\"center-center\",\"media_overlay_gradient\":\"\",\"position_sticky_breakpoint\":\"m\",\"width_medium\":\"3-4\"},\"children\":[{\"name\":\"\",\"type\":\"list\",\"props\":{\"column_breakpoint\":\"m\",\"icon\":\"check\",\"image_align\":\"left\",\"image_svg_color\":\"emphasis\",\"image_vertical_align\":true,\"list_element\":\"ul\",\"list_horizontal_separator\":\", \",\"list_size\":\"\",\"list_style\":\"divider\",\"list_type\":\"vertical\",\"margin\":\"medium\",\"show_image\":true,\"show_link\":true},\"children\":[{\"name\":\"\",\"type\":\"list_item\",\"props\":{\"content\":\"\n\n<p>PravnI fakultet Univerziteta u Beogradu\\u00a0 \\u2012 diplomirani pravnik<\\\/p>\",\"icon\":\"\"}},{\"name\":\"\",\"type\":\"list_item\",\"props\":{\"content\":\"\n\n<p>PravnI fakultet Univerziteta u Beogradu\\u00a0 \\u2012 specijalisti\\u010dke studije \\u201ePoresko savetovanje \\u201f\\u00a0<\\\/p>\",\"icon\":\"\"}}]}]}]},{\"type\":\"row\",\"children\":[{\"type\":\"column\",\"props\":{\"image_position\":\"center-center\",\"media_overlay_gradient\":\"\",\"position_sticky_breakpoint\":\"m\"},\"children\":[{\"type\":\"divider\",\"props\":{\"divider_element\":\"hr\"}}]}]},{\"type\":\"row\",\"props\":{\"layout\":\"1-4,3-4\"},\"children\":[{\"type\":\"column\",\"props\":{\"image_position\":\"center-center\",\"media_overlay_gradient\":\"\",\"position_sticky_breakpoint\":\"m\",\"width_medium\":\"1-4\"},\"children\":[{\"name\":\"\",\"type\":\"headline\",\"props\":{\"content\":\"ISKUSTVO\",\"title_decoration\":\"bullet\",\"title_element\":\"h2\",\"title_style\":\"h3\"}}]},{\"type\":\"column\",\"props\":{\"image_position\":\"center-center\",\"media_overlay_gradient\":\"\",\"position_sticky_breakpoint\":\"m\",\"width_medium\":\"3-4\"},\"children\":[{\"name\":\"\",\"type\":\"description_list\",\"props\":{\"column_breakpoint\":\"m\",\"layout\":\"grid-2\",\"list_element\":\"ul\",\"list_size\":\"large\",\"margin\":\"small\",\"meta_align\":\"below-content\",\"meta_style\":\"text-meta\",\"show_content\":true,\"show_link\":true,\"show_meta\":true,\"show_title\":true,\"title_element\":\"div\",\"title_grid_column_gap\":\"large\",\"title_grid_row_gap\":\"large\",\"title_grid_width\":\"expand\"},\"children\":[{\"name\":\"\",\"type\":\"description_list_item\",\"props\":{\"content\":\"\",\"meta\":\"\",\"title\":\"- Advokatski pripravnik kod advokata Milke Mihaj\"}},{\"name\":\"\",\"type\":\"description_list_item\",\"props\":{\"content\":\"\",\"meta\":\"\",\"title\":\"- <i>Studio legale Giovanni Slawitz <\\\/i> u Parmi \\u2013 mla\\u0111i saradnik\"}},{\"name\":\"\",\"type\":\"description_list_item\",\"props\":{\"content\":\"\",\"meta\":\"\",\"title\":\"- Privredni sud Beograd \\u2013 pripravnik\"}},{\"name\":\"\",\"type\":\"description_list_item\",\"props\":{\"content\":\"\",\"meta\":\"\",\"title\":\"- <i>MIHAJ LAW <\\\/i> \\u2013 advokat\"}}]}]}]}]}],\"version\":\"3.0.23\"} --><\/p>","protected":false},"excerpt":{"rendered":"<p>Mihaela Turkan ADVOKAT + 381 26 36 059 mihaela.turkan@mihajlaw.com Mihaela je, nakon okon\u010danih studija Pravnog fakulteta Univerziteta u Beogradu, zavr\u0161ila, na istom fakultetu, i specijalisti\u010dke studije iz oblasti poreskog savetovanja. Iskustvo u radu sticala je kao advokatski pripravnik kod advokata Milke Mihaj, a potom, kao mla\u0111i saradnik u\u00a0 Studio legale Giovanni Slawitz u Parmi i [&hellip;]<\/p>","protected":false},"author":1,"featured_media":0,"parent":0,"menu_order":0,"comment_status":"closed","ping_status":"closed","template":"","meta":[],"yoast_head":"<!-- This site is optimized with the Yoast SEO plugin v20.3 - https:\/\/yoast.com\/wordpress\/plugins\/seo\/ -->\n<title>MIHAELA TURKAN | Mihaj Law<\/title>\n<meta name=\"robots\" content=\"index, follow, max-snippet:-1, max-image-preview:large, max-video-preview:-1\" \/>\n<link rel=\"canonical\" href=\"https:\/\/mihajlaw.com\/en\/mihaela-turkan\/\" \/>\n<meta property=\"og:locale\" content=\"en_US\" \/>\n<meta property=\"og:type\" content=\"article\" \/>\n<meta property=\"og:title\" content=\"MIHAELA TURKAN | Mihaj Law\" \/>\n<meta property=\"og:description\" content=\"Mihaela Turkan ADVOKAT + 381 26 36 059 mihaela.turkan@mihajlaw.com Mihaela je, nakon okon\u010danih studija Pravnog fakulteta Univerziteta u Beogradu, zavr\u0161ila, na istom fakultetu, i specijalisti\u010dke studije iz oblasti poreskog savetovanja. Iskustvo u radu sticala je kao advokatski pripravnik kod advokata Milke Mihaj, a potom, kao mla\u0111i saradnik u\u00a0 Studio legale Giovanni Slawitz u Parmi i [&hellip;]\" \/>\n<meta property=\"og:url\" content=\"https:\/\/mihajlaw.com\/en\/mihaela-turkan\/\" \/>\n<meta property=\"og:site_name\" content=\"Mihaj Law\" \/>\n<meta property=\"article:modified_time\" content=\"2023-02-23T11:36:35+00:00\" \/>\n<meta property=\"og:image\" content=\"https:\/\/mihajlaw.com\/wp-content\/uploads\/2023\/03\/mijhaj-law-logo-e1678916398425.jpg\" \/>\n\t<meta property=\"og:image:width\" content=\"1373\" \/>\n\t<meta property=\"og:image:height\" content=\"641\" \/>\n\t<meta property=\"og:image:type\" content=\"image\/jpeg\" \/>\n<meta name=\"twitter:card\" content=\"summary_large_image\" \/>\n<meta name=\"twitter:label1\" content=\"Est. reading time\" \/>\n\t<meta name=\"twitter:data1\" content=\"1 minute\" \/>\n<script type=\"application\/ld+json\" class=\"yoast-schema-graph\">{\"@context\":\"https:\/\/schema.org\",\"@graph\":[{\"@type\":\"WebPage\",\"@id\":\"https:\/\/mihajlaw.com\/mihaela-turkan\/\",\"url\":\"https:\/\/mihajlaw.com\/mihaela-turkan\/\",\"name\":\"MIHAELA TURKAN | Mihaj Law\",\"isPartOf\":{\"@id\":\"https:\/\/mihajlaw.com\/#website\"},\"datePublished\":\"2023-02-02T23:15:57+00:00\",\"dateModified\":\"2023-02-23T11:36:35+00:00\",\"breadcrumb\":{\"@id\":\"https:\/\/mihajlaw.com\/mihaela-turkan\/#breadcrumb\"},\"inLanguage\":\"en-US\",\"potentialAction\":[{\"@type\":\"ReadAction\",\"target\":[\"https:\/\/mihajlaw.com\/mihaela-turkan\/\"]}]},{\"@type\":\"BreadcrumbList\",\"@id\":\"https:\/\/mihajlaw.com\/mihaela-turkan\/#breadcrumb\",\"itemListElement\":[{\"@type\":\"ListItem\",\"position\":1,\"name\":\"Home\",\"item\":\"https:\/\/mihajlaw.com\/\"},{\"@type\":\"ListItem\",\"position\":2,\"name\":\"MIHAELA TURKAN\"}]},{\"@type\":\"WebSite\",\"@id\":\"https:\/\/mihajlaw.com\/#website\",\"url\":\"https:\/\/mihajlaw.com\/\",\"name\":\"Mihaj Law\",\"description\":\"ADVOKATURA PO MERI KLIJENTA\",\"publisher\":{\"@id\":\"https:\/\/mihajlaw.com\/#organization\"},\"potentialAction\":[{\"@type\":\"SearchAction\",\"target\":{\"@type\":\"EntryPoint\",\"urlTemplate\":\"https:\/\/mihajlaw.com\/?s={search_term_string}\"},\"query-input\":\"required name=search_term_string\"}],\"inLanguage\":\"en-US\"},{\"@type\":\"Organization\",\"@id\":\"https:\/\/mihajlaw.com\/#organization\",\"name\":\"MIHAJ LAW\",\"url\":\"https:\/\/mihajlaw.com\/\",\"logo\":{\"@type\":\"ImageObject\",\"inLanguage\":\"en-US\",\"@id\":\"https:\/\/mihajlaw.com\/#\/schema\/logo\/image\/\",\"url\":\"https:\/\/mihajlaw.com\/wp-content\/uploads\/2023\/03\/mijhaj-law-logo-e1678916398425.jpg\",\"contentUrl\":\"https:\/\/mihajlaw.com\/wp-content\/uploads\/2023\/03\/mijhaj-law-logo-e1678916398425.jpg\",\"width\":1373,\"height\":641,\"caption\":\"MIHAJ LAW\"},\"image\":{\"@id\":\"https:\/\/mihajlaw.com\/#\/schema\/logo\/image\/\"}}]}<\/script>\n<!-- \/ Yoast SEO plugin. -->","yoast_head_json":{"title":"MIHAELA TURKAN | Mihaj Law","robots":{"index":"index","follow":"follow","max-snippet":"max-snippet:-1","max-image-preview":"max-image-preview:large","max-video-preview":"max-video-preview:-1"},"canonical":"https:\/\/mihajlaw.com\/en\/mihaela-turkan\/","og_locale":"en_US","og_type":"article","og_title":"MIHAELA TURKAN | Mihaj Law","og_description":"Mihaela Turkan ADVOKAT + 381 26 36 059 mihaela.turkan@mihajlaw.com Mihaela je, nakon okon\u010danih studija Pravnog fakulteta Univerziteta u Beogradu, zavr\u0161ila, na istom fakultetu, i specijalisti\u010dke studije iz oblasti poreskog savetovanja. Iskustvo u radu sticala je kao advokatski pripravnik kod advokata Milke Mihaj, a potom, kao mla\u0111i saradnik u\u00a0 Studio legale Giovanni Slawitz u Parmi i [&hellip;]","og_url":"https:\/\/mihajlaw.com\/en\/mihaela-turkan\/","og_site_name":"Mihaj Law","article_modified_time":"2023-02-23T11:36:35+00:00","og_image":[{"width":1373,"height":641,"url":"https:\/\/mihajlaw.com\/wp-content\/uploads\/2023\/03\/mijhaj-law-logo-e1678916398425.jpg","type":"image\/jpeg"}],"twitter_card":"summary_large_image","twitter_misc":{"Est. reading time":"1 minute"},"schema":{"@context":"https:\/\/schema.org","@graph":[{"@type":"WebPage","@id":"https:\/\/mihajlaw.com\/mihaela-turkan\/","url":"https:\/\/mihajlaw.com\/mihaela-turkan\/","name":"MIHAELA TURKAN | Mihaj Law","isPartOf":{"@id":"https:\/\/mihajlaw.com\/#website"},"datePublished":"2023-02-02T23:15:57+00:00","dateModified":"2023-02-23T11:36:35+00:00","breadcrumb":{"@id":"https:\/\/mihajlaw.com\/mihaela-turkan\/#breadcrumb"},"inLanguage":"en-US","potentialAction":[{"@type":"ReadAction","target":["https:\/\/mihajlaw.com\/mihaela-turkan\/"]}]},{"@type":"BreadcrumbList","@id":"https:\/\/mihajlaw.com\/mihaela-turkan\/#breadcrumb","itemListElement":[{"@type":"ListItem","position":1,"name":"Home","item":"https:\/\/mihajlaw.com\/"},{"@type":"ListItem","position":2,"name":"MIHAELA TURKAN"}]},{"@type":"WebSite","@id":"https:\/\/mihajlaw.com\/#website","url":"https:\/\/mihajlaw.com\/","name":"Mihaj Law","description":"ADVOKATURA PO MERI KLIJENTA","publisher":{"@id":"https:\/\/mihajlaw.com\/#organization"},"potentialAction":[{"@type":"SearchAction","target":{"@type":"EntryPoint","urlTemplate":"https:\/\/mihajlaw.com\/?s={search_term_string}"},"query-input":"required name=search_term_string"}],"inLanguage":"en-US"},{"@type":"Organization","@id":"https:\/\/mihajlaw.com\/#organization","name":"MIHAJ LAW","url":"https:\/\/mihajlaw.com\/","logo":{"@type":"ImageObject","inLanguage":"en-US","@id":"https:\/\/mihajlaw.com\/#\/schema\/logo\/image\/","url":"https:\/\/mihajlaw.com\/wp-content\/uploads\/2023\/03\/mijhaj-law-logo-e1678916398425.jpg","contentUrl":"https:\/\/mihajlaw.com\/wp-content\/uploads\/2023\/03\/mijhaj-law-logo-e1678916398425.jpg","width":1373,"height":641,"caption":"MIHAJ LAW"},"image":{"@id":"https:\/\/mihajlaw.com\/#\/schema\/logo\/image\/"}}]}},"_links":{"self":[{"href":"https:\/\/mihajlaw.com\/en\/wp-json\/wp\/v2\/pages\/2378"}],"collection":[{"href":"https:\/\/mihajlaw.com\/en\/wp-json\/wp\/v2\/pages"}],"about":[{"href":"https:\/\/mihajlaw.com\/en\/wp-json\/wp\/v2\/types\/page"}],"author":[{"embeddable":true,"href":"https:\/\/mihajlaw.com\/en\/wp-json\/wp\/v2\/users\/1"}],"replies":[{"embeddable":true,"href":"https:\/\/mihajlaw.com\/en\/wp-json\/wp\/v2\/comments?post=2378"}],"version-history":[{"count":10,"href":"https:\/\/mihajlaw.com\/en\/wp-json\/wp\/v2\/pages\/2378\/revisions"}],"predecessor-version":[{"id":4267,"href":"https:\/\/mihajlaw.com\/en\/wp-json\/wp\/v2\/pages\/2378\/revisions\/4267"}],"wp:attachment":[{"href":"https:\/\/mihajlaw.com\/en\/wp-json\/wp\/v2\/media?parent=2378"}],"curies":[{"name":"wp","href":"https:\/\/api.w.org\/{rel}","templated":true}]}}