{"id":2382,"date":"2023-02-02T23:18:39","date_gmt":"2023-02-02T23:18:39","guid":{"rendered":"https:\/\/mihajlaw.com\/?page_id=2382"},"modified":"2023-03-01T12:15:41","modified_gmt":"2023-03-01T12:15:41","slug":"rastko-svicevic","status":"publish","type":"page","link":"https:\/\/mihajlaw.com\/en\/rastko-svicevic\/","title":{"rendered":"RASTKO SVICEVIC"},"content":{"rendered":"<h1>Rastko Svi\u010devi\u0107<\/h1>\n<div>\n<p>ATTORNEY AT LAW<\/p>\n<\/div>\n<p><img decoding=\"async\" src=\"\/wp-content\/uploads\/2023\/02\/RASTKO-SVICEVIC_4572_1-R-KADAR-FIN.jpeg\" alt=\"\"><\/p>\n<ul>\n<li>\n        <a href=\"tel:+ 381 11 26 36 059\">+ 381 11 26 36 059<\/a>\n    <\/li>\n<li>\n        <a href=\"tel:+ 381  60 11 46 545\">+ 381  60 11 46 545 <\/a>\n    <\/li>\n<\/ul>\n<p>\n    <a href=\"mailto:r.svicevic@mihajlaw.com\">r.svicevic@mihajlaw.com<\/a>\n<\/p>\n<div>\n<p>Rastko graduated from the Faculty of Law at the University of Belgrade. After completing his studies, he specialized, at the same faculty, in English, \"Internet criminal law\".<\/p>\n<p>His professional work is based on many years of experience in the domain, mainly, of criminal and civil law. He is the author of the professional book ,,Expertise on non-material damages\u201f.<\/p>\n<p>In the <em>MIHAJ LAW<\/em> works as a lawyer, whose professional preferences are criminal law, misdemeanor law, sports law, non-material damage compensation and medical law.<\/p>\n<p>Rastko speaks English and Russian languages.<\/p>\n<p>\u00a0Outside of practicing law, he devotes his time to sports (primarily chess), interests in architecture, spending time with children and listening to music.<\/p>\n<\/div>\n<hr>\n<h2>AREA OF EXPERTISE<\/h2>\n<ul>\n<li>\n<div>\n<p>Criminal law<\/p>\n<\/div>\n<\/li>\n<li>\n<div>\n<p>Misdemeanor law<\/p>\n<\/div>\n<\/li>\n<li>\n<div>\n<p><span>Sports law<\/span><\/p>\n<\/div>\n<\/li>\n<li>\n<div>\n<p>Compensation for non-material damage<\/p>\n<\/div>\n<\/li>\n<li>\n<div>\n<p>Medical Law<\/p>\n<\/div>\n<\/li>\n<\/ul>\n<hr>\n<h2>EDUCATION<\/h2>\n<ul>\n<li>\n<div>\n<p>Faculty of Law, University of Belgrade - graduate in law<\/p>\n<\/div>\n<\/li>\n<li>\n<div>\n<p>Faculty of Law at the University of Belgrade - specialization in English \"Internet criminal law\"<\/p>\n<\/div>\n<\/li>\n<\/ul>\n<hr>\n<h2>EXPERIENCE<\/h2>\n<ul>\n<li>\n<h3>- Years of experience in the field of criminal and civil law<\/h3>\n<\/li>\n<li>\n<h3>- Author of the book ,,Expertise on non-material damages\u201f<\/h3>\n<\/li>\n<\/ul>\n<p><!--more--><br \/>\n<!-- {\"type\":\"layout\",\"children\":[{\"name\":\"Vita\",\"type\":\"section\",\"props\":{\"animation_delay\":false,\"image\":\"wp-content\\\/uploads\\\/2022\\\/12\\\/m-1-scaled.jpg\",\"image_height\":\"1400\",\"image_position\":\"center-center\",\"padding\":\"large\",\"style\":\"default\",\"title_breakpoint\":\"xl\",\"title_position\":\"top-left\",\"title_rotation\":\"left\",\"vertical_align\":\"middle\",\"width\":\"default\"},\"children\":[{\"name\":\"\",\"type\":\"row\",\"children\":[{\"name\":\"\",\"type\":\"column\",\"props\":{\"image_position\":\"center-center\",\"media_overlay_gradient\":\"\",\"position_sticky_breakpoint\":\"m\",\"width_medium\":\"1-1\"},\"children\":[{\"name\":\"\",\"type\":\"headline\",\"props\":{\"content\":\"Rastko Svi\\u010devi\\u0107\",\"margin\":\"small\",\"title_decoration\":\"bullet\",\"title_element\":\"h1\",\"title_style\":\"h2\"}},{\"name\":\"\",\"type\":\"text\",\"props\":{\"column_breakpoint\":\"m\",\"content\":\"\n\n<p>ADVOKAT<\\\/p>\",\"margin\":\"remove-vertical\"}}]}]},{\"name\":\"\",\"type\":\"row\",\"props\":{\"column_gap\":\"small\",\"divider\":true,\"layout\":\"1-3,2-3\",\"row_gap\":\"medium\"},\"children\":[{\"name\":\"\",\"type\":\"column\",\"props\":{\"image_position\":\"center-center\",\"media_overlay_gradient\":\"\",\"position_sticky_breakpoint\":\"m\",\"width_small\":\"1-3\"},\"children\":[{\"name\":\"\",\"type\":\"image\",\"props\":{\"image\":\"wp-content\\\/uploads\\\/2023\\\/02\\\/RASTKO-SVICEVIC_4572_1-R-KADAR-FIN.jpeg\",\"image_loading\":true,\"image_svg_color\":\"emphasis\",\"image_width\":\"600\",\"margin\":\"default\"}},{\"name\":\"\",\"type\":\"button\",\"props\":{\"grid_column_gap\":\"small\",\"grid_row_gap\":\"small\",\"margin\":\"remove-vertical\"},\"children\":[{\"name\":\"\",\"type\":\"button_item\",\"props\":{\"button_style\":\"link-text\",\"content\":\"+ 381 11 26 36 059\",\"icon\":\"receiver\",\"icon_align\":\"left\",\"link\":\"tel:+ 381 11 26 36 059\"}},{\"name\":\"\",\"type\":\"button_item\",\"props\":{\"button_style\":\"link-text\",\"content\":\"+ 381  60 11 46 545 \",\"icon\":\"phone\",\"icon_align\":\"left\",\"link\":\"tel:+ 381  60 11 46 545 \"}}]},{\"name\":\"\",\"type\":\"button\",\"props\":{\"grid_column_gap\":\"small\",\"grid_row_gap\":\"small\",\"margin\":\"remove-vertical\"},\"children\":[{\"name\":\"\",\"type\":\"button_item\",\"props\":{\"button_style\":\"\",\"content\":\"r.svicevic@mihajlaw.com\",\"icon\":\"mail\",\"icon_align\":\"left\",\"link\":\"mailto:r.svicevic@mihajlaw.com\"}}]}]},{\"name\":\"\",\"type\":\"column\",\"props\":{\"image\":\"\",\"image_position\":\"center-center\",\"media_overlay_gradient\":\"\",\"position_sticky_breakpoint\":\"m\",\"width_small\":\"2-3\"},\"children\":[{\"name\":\"\",\"type\":\"text\",\"props\":{\"column_breakpoint\":\"m\",\"content\":\"\n\n<p>Rastko je zavr\\u0161io Pravni fakultet Univerziteta u Beogradu. Nakon zavr\\u0161enih studija, specijalizirao je, na istom fakultetu, na engleskom jeziku, ,,Internet criminal law\\u201f.<\\\/p>\\n\n\n<p>Njegov profesionalni rad zasnovan je na vi\\u0161egodi\\u0161njem iskustvu u domenu, prete\\u017eno, krivi\\u010dnog i gra\\u0111anskog prava. Autor je stru\\u010dne knjige ,,Ve\\u0161ta\\u010denje nematerijalne \\u0161tete\\u201f.<\\\/p>\\n\n\n<p>U kancelariji <em>MIHAJ LAW<\\\/em> radi kao advokat, \\u010dije su stru\\u010dne preference krivi\\u010dno pravo, prekr\\u0161ajno pravo, sportsko pravo, naknada nematerijalne \\u0161tete i medicinsko pravo.<\\\/p>\\n\n\n<p>Govori engleki i ruski jezik.<\\\/p>\\n\n\n<p>\\u00a0Vreme van bavljenja advokaturom posve\\u0107uje sportu (primarno \\u0161ahu), interesovanjima za arhitekturu, dru\\u017eenju sa decom i slu\\u0161anju muzike.<\\\/p>\",\"margin\":\"default\",\"text_align\":\"left\"}}]}]},{\"type\":\"row\",\"children\":[{\"type\":\"column\",\"props\":{\"image_position\":\"center-center\",\"media_overlay_gradient\":\"\",\"position_sticky_breakpoint\":\"m\"},\"children\":[{\"type\":\"divider\",\"props\":{\"divider_element\":\"hr\"}}]}]},{\"type\":\"row\",\"props\":{\"layout\":\"1-4,3-4\"},\"children\":[{\"type\":\"column\",\"props\":{\"image_position\":\"center-center\",\"media_overlay_gradient\":\"\",\"position_sticky_breakpoint\":\"m\",\"width_medium\":\"1-4\"},\"children\":[{\"name\":\"\",\"type\":\"headline\",\"props\":{\"content\":\"STRU\\u010cNE OBLASTI\",\"title_decoration\":\"bullet\",\"title_element\":\"h2\",\"title_style\":\"h3\"}}]},{\"type\":\"column\",\"props\":{\"image_position\":\"center-center\",\"media_overlay_gradient\":\"\",\"position_sticky_breakpoint\":\"m\",\"width_medium\":\"3-4\"},\"children\":[{\"name\":\"\",\"type\":\"list\",\"props\":{\"column_breakpoint\":\"m\",\"image_align\":\"left\",\"image_svg_color\":\"emphasis\",\"image_vertical_align\":true,\"list_element\":\"ul\",\"list_horizontal_separator\":\", \",\"list_marker\":\"bullet\",\"list_size\":\"large\",\"list_type\":\"vertical\",\"margin\":\"small\",\"margin_remove_top\":false,\"show_image\":true,\"show_link\":true},\"children\":[{\"name\":\"\",\"type\":\"list_item\",\"props\":{\"content\":\"\n\n<p>Krivi\\u010dno pravo<\\\/p>\"}},{\"name\":\"\",\"type\":\"list_item\",\"props\":{\"content\":\"\n\n<p>Prekr\\u0161ajno pravo<\\\/p>\"}},{\"name\":\"\",\"type\":\"list_item\",\"props\":{\"content\":\"\n\n<p><span>Sportsko pravo<\\\/span><\\\/p>\"}},{\"name\":\"\",\"type\":\"list_item\",\"props\":{\"content\":\"\n\n<p>Naknada nematerijalne \\u0161tete<\\\/p>\"}},{\"name\":\"\",\"type\":\"list_item\",\"props\":{\"content\":\"\n\n<p>Medicinsko pravo<\\\/p>\"}}]}]}]},{\"type\":\"row\",\"children\":[{\"type\":\"column\",\"props\":{\"image_position\":\"center-center\",\"media_overlay_gradient\":\"\",\"position_sticky_breakpoint\":\"m\"},\"children\":[{\"type\":\"divider\",\"props\":{\"divider_element\":\"hr\"}}]}]},{\"type\":\"row\",\"props\":{\"layout\":\"1-4,3-4\"},\"children\":[{\"type\":\"column\",\"props\":{\"image_position\":\"center-center\",\"media_overlay_gradient\":\"\",\"position_sticky_breakpoint\":\"m\",\"width_medium\":\"1-4\"},\"children\":[{\"name\":\"\",\"type\":\"headline\",\"props\":{\"content\":\"EDUKACIJA\",\"title_decoration\":\"bullet\",\"title_element\":\"h2\",\"title_style\":\"h3\"}}]},{\"type\":\"column\",\"props\":{\"image_position\":\"center-center\",\"media_overlay_gradient\":\"\",\"position_sticky_breakpoint\":\"m\",\"width_medium\":\"3-4\"},\"children\":[{\"name\":\"\",\"type\":\"list\",\"props\":{\"column_breakpoint\":\"m\",\"icon\":\"check\",\"image_align\":\"left\",\"image_svg_color\":\"emphasis\",\"image_vertical_align\":true,\"list_element\":\"ul\",\"list_horizontal_separator\":\", \",\"list_size\":\"\",\"list_style\":\"divider\",\"list_type\":\"vertical\",\"margin\":\"medium\",\"show_image\":true,\"show_link\":true},\"children\":[{\"name\":\"\",\"type\":\"list_item\",\"props\":{\"content\":\"\n\n<p>Pravni fakultet Univerziteta u Beogradu \\u2012 diplomirani pravnik<\\\/p>\",\"icon\":\"\"}},{\"name\":\"\",\"type\":\"list_item\",\"props\":{\"content\":\"\n\n<p>Pravni fakultet Univerziteta u Beogradu \\u2012 specijalizacija\\u00a0 na engleskom jeziku ,,Internet criminal law\\u201f<\\\/p>\",\"icon\":\"\"}}]}]}]},{\"type\":\"row\",\"children\":[{\"type\":\"column\",\"props\":{\"image_position\":\"center-center\",\"media_overlay_gradient\":\"\",\"position_sticky_breakpoint\":\"m\"},\"children\":[{\"type\":\"divider\",\"props\":{\"divider_element\":\"hr\"}}]}]},{\"type\":\"row\",\"props\":{\"layout\":\"1-4,3-4\"},\"children\":[{\"type\":\"column\",\"props\":{\"image_position\":\"center-center\",\"media_overlay_gradient\":\"\",\"position_sticky_breakpoint\":\"m\",\"width_medium\":\"1-4\"},\"children\":[{\"name\":\"\",\"type\":\"headline\",\"props\":{\"content\":\"ISKUSTVO\",\"title_decoration\":\"bullet\",\"title_element\":\"h2\",\"title_style\":\"h3\"}}]},{\"type\":\"column\",\"props\":{\"image_position\":\"center-center\",\"media_overlay_gradient\":\"\",\"position_sticky_breakpoint\":\"m\",\"width_medium\":\"3-4\"},\"children\":[{\"name\":\"\",\"type\":\"description_list\",\"props\":{\"column_breakpoint\":\"m\",\"layout\":\"grid-2\",\"list_element\":\"ul\",\"list_size\":\"large\",\"margin\":\"small\",\"meta_align\":\"below-content\",\"meta_style\":\"text-meta\",\"show_content\":true,\"show_link\":true,\"show_meta\":true,\"show_title\":true,\"title_element\":\"div\",\"title_grid_column_gap\":\"large\",\"title_grid_row_gap\":\"large\",\"title_grid_width\":\"expand\"},\"children\":[{\"name\":\"\",\"type\":\"description_list_item\",\"props\":{\"content\":\"\",\"meta\":\"\",\"title\":\"- Vi\\u0161egodi\\u0161nje iskustvo u domenu krivi\\u010dnog i gra\\u0111anskog prava\"}},{\"name\":\"\",\"type\":\"description_list_item\",\"props\":{\"content\":\"\",\"meta\":\"\",\"title\":\"- Autor knjige ,,Ve\\u0161ta\\u010denje nematerijalne \\u0161tete\\u201f\"}}]}]}]}]}],\"version\":\"3.0.23\"} --><\/p>","protected":false},"excerpt":{"rendered":"<p>Rastko Svi\u010devi\u0107 ADVOKAT + 381 11 26 36 059 + 381 60 11 46 545 r.svicevic@mihajlaw.com Rastko je zavr\u0161io Pravni fakultet Univerziteta u Beogradu. Nakon zavr\u0161enih studija, specijalizirao je, na istom fakultetu, na engleskom jeziku, ,,Internet criminal law\u201f. Njegov profesionalni rad zasnovan je na vi\u0161egodi\u0161njem iskustvu u domenu, prete\u017eno, krivi\u010dnog i gra\u0111anskog prava. Autor je [&hellip;]<\/p>","protected":false},"author":1,"featured_media":0,"parent":0,"menu_order":0,"comment_status":"closed","ping_status":"closed","template":"","meta":[],"yoast_head":"<!-- This site is optimized with the Yoast SEO plugin v20.3 - https:\/\/yoast.com\/wordpress\/plugins\/seo\/ -->\n<title>RASTKO SVICEVIC | Mihaj Law<\/title>\n<meta name=\"robots\" content=\"index, follow, max-snippet:-1, max-image-preview:large, max-video-preview:-1\" \/>\n<link rel=\"canonical\" href=\"https:\/\/mihajlaw.com\/en\/rastko-svicevic\/\" \/>\n<meta property=\"og:locale\" content=\"en_US\" \/>\n<meta property=\"og:type\" content=\"article\" \/>\n<meta property=\"og:title\" content=\"RASTKO SVICEVIC | Mihaj Law\" \/>\n<meta property=\"og:description\" content=\"Rastko Svi\u010devi\u0107 ADVOKAT + 381 11 26 36 059 + 381 60 11 46 545 r.svicevic@mihajlaw.com Rastko je zavr\u0161io Pravni fakultet Univerziteta u Beogradu. Nakon zavr\u0161enih studija, specijalizirao je, na istom fakultetu, na engleskom jeziku, ,,Internet criminal law\u201f. Njegov profesionalni rad zasnovan je na vi\u0161egodi\u0161njem iskustvu u domenu, prete\u017eno, krivi\u010dnog i gra\u0111anskog prava. Autor je [&hellip;]\" \/>\n<meta property=\"og:url\" content=\"https:\/\/mihajlaw.com\/en\/rastko-svicevic\/\" \/>\n<meta property=\"og:site_name\" content=\"Mihaj Law\" \/>\n<meta property=\"article:modified_time\" content=\"2023-03-01T12:15:41+00:00\" \/>\n<meta property=\"og:image\" content=\"https:\/\/mihajlaw.com\/wp-content\/uploads\/2023\/03\/mijhaj-law-logo-e1678916398425.jpg\" \/>\n\t<meta property=\"og:image:width\" content=\"1373\" \/>\n\t<meta property=\"og:image:height\" content=\"641\" \/>\n\t<meta property=\"og:image:type\" content=\"image\/jpeg\" \/>\n<meta name=\"twitter:card\" content=\"summary_large_image\" \/>\n<meta name=\"twitter:label1\" content=\"Est. reading time\" \/>\n\t<meta name=\"twitter:data1\" content=\"1 minute\" \/>\n<script type=\"application\/ld+json\" class=\"yoast-schema-graph\">{\"@context\":\"https:\/\/schema.org\",\"@graph\":[{\"@type\":\"WebPage\",\"@id\":\"https:\/\/mihajlaw.com\/rastko-svicevic\/\",\"url\":\"https:\/\/mihajlaw.com\/rastko-svicevic\/\",\"name\":\"RASTKO SVICEVIC | Mihaj Law\",\"isPartOf\":{\"@id\":\"https:\/\/mihajlaw.com\/#website\"},\"datePublished\":\"2023-02-02T23:18:39+00:00\",\"dateModified\":\"2023-03-01T12:15:41+00:00\",\"breadcrumb\":{\"@id\":\"https:\/\/mihajlaw.com\/rastko-svicevic\/#breadcrumb\"},\"inLanguage\":\"en-US\",\"potentialAction\":[{\"@type\":\"ReadAction\",\"target\":[\"https:\/\/mihajlaw.com\/rastko-svicevic\/\"]}]},{\"@type\":\"BreadcrumbList\",\"@id\":\"https:\/\/mihajlaw.com\/rastko-svicevic\/#breadcrumb\",\"itemListElement\":[{\"@type\":\"ListItem\",\"position\":1,\"name\":\"Home\",\"item\":\"https:\/\/mihajlaw.com\/\"},{\"@type\":\"ListItem\",\"position\":2,\"name\":\"RASTKO SVICEVIC\"}]},{\"@type\":\"WebSite\",\"@id\":\"https:\/\/mihajlaw.com\/#website\",\"url\":\"https:\/\/mihajlaw.com\/\",\"name\":\"Mihaj Law\",\"description\":\"ADVOKATURA PO MERI KLIJENTA\",\"publisher\":{\"@id\":\"https:\/\/mihajlaw.com\/#organization\"},\"potentialAction\":[{\"@type\":\"SearchAction\",\"target\":{\"@type\":\"EntryPoint\",\"urlTemplate\":\"https:\/\/mihajlaw.com\/?s={search_term_string}\"},\"query-input\":\"required name=search_term_string\"}],\"inLanguage\":\"en-US\"},{\"@type\":\"Organization\",\"@id\":\"https:\/\/mihajlaw.com\/#organization\",\"name\":\"MIHAJ LAW\",\"url\":\"https:\/\/mihajlaw.com\/\",\"logo\":{\"@type\":\"ImageObject\",\"inLanguage\":\"en-US\",\"@id\":\"https:\/\/mihajlaw.com\/#\/schema\/logo\/image\/\",\"url\":\"https:\/\/mihajlaw.com\/wp-content\/uploads\/2023\/03\/mijhaj-law-logo-e1678916398425.jpg\",\"contentUrl\":\"https:\/\/mihajlaw.com\/wp-content\/uploads\/2023\/03\/mijhaj-law-logo-e1678916398425.jpg\",\"width\":1373,\"height\":641,\"caption\":\"MIHAJ LAW\"},\"image\":{\"@id\":\"https:\/\/mihajlaw.com\/#\/schema\/logo\/image\/\"}}]}<\/script>\n<!-- \/ Yoast SEO plugin. -->","yoast_head_json":{"title":"RASTKO SVICEVIC | Mihaj Law","robots":{"index":"index","follow":"follow","max-snippet":"max-snippet:-1","max-image-preview":"max-image-preview:large","max-video-preview":"max-video-preview:-1"},"canonical":"https:\/\/mihajlaw.com\/en\/rastko-svicevic\/","og_locale":"en_US","og_type":"article","og_title":"RASTKO SVICEVIC | Mihaj Law","og_description":"Rastko Svi\u010devi\u0107 ADVOKAT + 381 11 26 36 059 + 381 60 11 46 545 r.svicevic@mihajlaw.com Rastko je zavr\u0161io Pravni fakultet Univerziteta u Beogradu. Nakon zavr\u0161enih studija, specijalizirao je, na istom fakultetu, na engleskom jeziku, ,,Internet criminal law\u201f. Njegov profesionalni rad zasnovan je na vi\u0161egodi\u0161njem iskustvu u domenu, prete\u017eno, krivi\u010dnog i gra\u0111anskog prava. Autor je [&hellip;]","og_url":"https:\/\/mihajlaw.com\/en\/rastko-svicevic\/","og_site_name":"Mihaj Law","article_modified_time":"2023-03-01T12:15:41+00:00","og_image":[{"width":1373,"height":641,"url":"https:\/\/mihajlaw.com\/wp-content\/uploads\/2023\/03\/mijhaj-law-logo-e1678916398425.jpg","type":"image\/jpeg"}],"twitter_card":"summary_large_image","twitter_misc":{"Est. reading time":"1 minute"},"schema":{"@context":"https:\/\/schema.org","@graph":[{"@type":"WebPage","@id":"https:\/\/mihajlaw.com\/rastko-svicevic\/","url":"https:\/\/mihajlaw.com\/rastko-svicevic\/","name":"RASTKO SVICEVIC | Mihaj Law","isPartOf":{"@id":"https:\/\/mihajlaw.com\/#website"},"datePublished":"2023-02-02T23:18:39+00:00","dateModified":"2023-03-01T12:15:41+00:00","breadcrumb":{"@id":"https:\/\/mihajlaw.com\/rastko-svicevic\/#breadcrumb"},"inLanguage":"en-US","potentialAction":[{"@type":"ReadAction","target":["https:\/\/mihajlaw.com\/rastko-svicevic\/"]}]},{"@type":"BreadcrumbList","@id":"https:\/\/mihajlaw.com\/rastko-svicevic\/#breadcrumb","itemListElement":[{"@type":"ListItem","position":1,"name":"Home","item":"https:\/\/mihajlaw.com\/"},{"@type":"ListItem","position":2,"name":"RASTKO SVICEVIC"}]},{"@type":"WebSite","@id":"https:\/\/mihajlaw.com\/#website","url":"https:\/\/mihajlaw.com\/","name":"Mihaj Law","description":"ADVOKATURA PO MERI KLIJENTA","publisher":{"@id":"https:\/\/mihajlaw.com\/#organization"},"potentialAction":[{"@type":"SearchAction","target":{"@type":"EntryPoint","urlTemplate":"https:\/\/mihajlaw.com\/?s={search_term_string}"},"query-input":"required name=search_term_string"}],"inLanguage":"en-US"},{"@type":"Organization","@id":"https:\/\/mihajlaw.com\/#organization","name":"MIHAJ LAW","url":"https:\/\/mihajlaw.com\/","logo":{"@type":"ImageObject","inLanguage":"en-US","@id":"https:\/\/mihajlaw.com\/#\/schema\/logo\/image\/","url":"https:\/\/mihajlaw.com\/wp-content\/uploads\/2023\/03\/mijhaj-law-logo-e1678916398425.jpg","contentUrl":"https:\/\/mihajlaw.com\/wp-content\/uploads\/2023\/03\/mijhaj-law-logo-e1678916398425.jpg","width":1373,"height":641,"caption":"MIHAJ LAW"},"image":{"@id":"https:\/\/mihajlaw.com\/#\/schema\/logo\/image\/"}}]}},"_links":{"self":[{"href":"https:\/\/mihajlaw.com\/en\/wp-json\/wp\/v2\/pages\/2382"}],"collection":[{"href":"https:\/\/mihajlaw.com\/en\/wp-json\/wp\/v2\/pages"}],"about":[{"href":"https:\/\/mihajlaw.com\/en\/wp-json\/wp\/v2\/types\/page"}],"author":[{"embeddable":true,"href":"https:\/\/mihajlaw.com\/en\/wp-json\/wp\/v2\/users\/1"}],"replies":[{"embeddable":true,"href":"https:\/\/mihajlaw.com\/en\/wp-json\/wp\/v2\/comments?post=2382"}],"version-history":[{"count":11,"href":"https:\/\/mihajlaw.com\/en\/wp-json\/wp\/v2\/pages\/2382\/revisions"}],"predecessor-version":[{"id":4836,"href":"https:\/\/mihajlaw.com\/en\/wp-json\/wp\/v2\/pages\/2382\/revisions\/4836"}],"wp:attachment":[{"href":"https:\/\/mihajlaw.com\/en\/wp-json\/wp\/v2\/media?parent=2382"}],"curies":[{"name":"wp","href":"https:\/\/api.w.org\/{rel}","templated":true}]}}