{"id":2439,"date":"2023-02-03T03:29:29","date_gmt":"2023-02-03T03:29:29","guid":{"rendered":"https:\/\/mihajlaw.com\/?page_id=2439"},"modified":"2023-02-23T00:17:31","modified_gmt":"2023-02-23T00:17:31","slug":"aleksandra-radovic-marijanovic","status":"publish","type":"page","link":"https:\/\/mihajlaw.com\/en\/aleksandra-radovic-marijanovic\/","title":{"rendered":"ALEKSANDRA RADOVI\u0106 &#8211; MARIJANOVI\u0106"},"content":{"rendered":"<h1>ALEKSANDRA RADOVI\u0106 &#8211; MARJANOVI\u0106 <\/h1>\n<div>\n<p>CHIEF OF STAFF<\/p>\n<\/div>\n<p><img decoding=\"async\" src=\"\/wp-content\/uploads\/2023\/02\/ALEKSANDRA-RADOVIC-MARJANOVICDSC_3269_1-R-KADAR-FIN.jpeg\" alt=\"\"><\/p>\n<ul>\n<li>\n        <a href=\"tel:+ 381 11 26 36 059\">+ 381 11 26 36 059<\/a>\n    <\/li>\n<li>\n        <a href=\"tel:+ 381 63 49 8724\">+ 381 63 49 8724<\/a>\n    <\/li>\n<\/ul>\n<p>\n    <a href=\"mailto: aleksandra.marjanovic@mihajlaw.com\">aleksandra.marjanovic@mihajlaw.com<\/a>\n<\/p>\n<div>\n<p>Aleksandra graduated from the Department of General Literature with Theory of Literature at the Faculty of Philology in Belgrade. At the same faculty, she completed specialist studies in the field of communication, and then at the IAB Academy in Montreux, Switzerland, master's studies in the field of electronic media.\n<\/p>\n<p>Aleksandra iza sebe ima vi\u0161egodi\u0161nje iskustvo u radu u oblasti PR-a i marketinga u presti\u017enim srpskim i crnogorskim kompanijama.<\/p>\n<p>Kao lingvista i stru\u010dnjak za PR i komunikacije, omogu\u0107ava svakodnevno funkcionisanje kancelarije <i>MIHAJ LAW <\/i> na svim nivoima. Radi sa klijentima, doma\u0107im i stranim licima, i pru\u017ea podr\u0161ku u domenu administrativnih i carinskih poslova.<br \/>\n    Aleksandra je tako\u0111e preduzetnica u &#8222;PR Desk &#038; Office Help-u&#8220;.<\/p>\n<p>She is fluent in English and Italian.<br \/>\n   Aleksandra enjoys reading and traveling.<\/p>\n<\/div>\n<hr>\n<h2>AREA OF EXPERTISE<\/h2>\n<div>\n<div>\n<p><span>As a linguist and expert in PR and communications, Aleksandra facilitates daily workflow of the office at all levels, and provides an administrative and customs affairs support, working with with, domestic and foreign clients and companies.<\/span><\/p>\n<\/div>\n<\/div>\n<hr>\n<h2>EDUCATION<\/h2>\n<ul>\n<li>\n<div>Faculty of Philology, University of Belgrade - graduate philology<\/div>\n<\/li>\n<li>\n<div>Faculty of Philology, University of Belgrade - Master in Communication <\/div>\n<\/li>\n<li>\n<div>IAB Academy, Montreux, Switzerland - master studies in the field of electronic media<\/div>\n<\/li>\n<\/ul>\n<hr>\n<h2>EXPERIENCE<\/h2>\n<div>\n<h3>- Extensive work experience in the field of PR and marketing in prestigious Serbian and Montenegro companies<\/h3>\n<\/div>\n<p><!--more--><br \/>\n<!-- {\"type\":\"layout\",\"children\":[{\"name\":\"advokat feb 3\",\"type\":\"section\",\"props\":{\"animation_delay\":false,\"image\":\"wp-content\\\/uploads\\\/2022\\\/12\\\/m-1-scaled.jpg\",\"image_height\":\"1400\",\"image_position\":\"center-center\",\"padding\":\"large\",\"style\":\"default\",\"title_breakpoint\":\"xl\",\"title_position\":\"top-left\",\"title_rotation\":\"left\",\"vertical_align\":\"middle\",\"width\":\"default\"},\"children\":[{\"name\":\"\",\"type\":\"row\",\"children\":[{\"name\":\"\",\"type\":\"column\",\"props\":{\"image_position\":\"center-center\",\"media_overlay_gradient\":\"\",\"position_sticky_breakpoint\":\"m\",\"width_medium\":\"1-1\"},\"children\":[{\"name\":\"\",\"type\":\"headline\",\"props\":{\"content\":\"ALEKSANDRA RADOVI\\u0106 - MARJANOVI\\u0106 \",\"margin\":\"small\",\"title_decoration\":\"bullet\",\"title_element\":\"h1\",\"title_style\":\"h2\"}},{\"name\":\"\",\"type\":\"text\",\"props\":{\"column_breakpoint\":\"m\",\"content\":\"\n\n<p>CHIEF OF STAFF<\\\/p>\",\"margin\":\"remove-vertical\"}}]}]},{\"name\":\"\",\"type\":\"row\",\"props\":{\"column_gap\":\"small\",\"divider\":true,\"layout\":\"1-3,2-3\",\"row_gap\":\"medium\"},\"children\":[{\"name\":\"\",\"type\":\"column\",\"props\":{\"image_position\":\"center-center\",\"media_overlay_gradient\":\"\",\"position_sticky_breakpoint\":\"m\",\"width_small\":\"1-3\"},\"children\":[{\"name\":\"\",\"type\":\"image\",\"props\":{\"image\":\"wp-content\\\/uploads\\\/2023\\\/02\\\/ALEKSANDRA-RADOVIC-MARJANOVICDSC_3269_1-R-KADAR-FIN.jpeg\",\"image_loading\":true,\"image_svg_color\":\"emphasis\",\"image_width\":\"600\",\"margin\":\"default\"}},{\"name\":\"\",\"type\":\"button\",\"props\":{\"grid_column_gap\":\"small\",\"grid_row_gap\":\"small\",\"margin\":\"remove-vertical\"},\"children\":[{\"name\":\"\",\"type\":\"button_item\",\"props\":{\"button_style\":\"link-text\",\"content\":\"+ 381 11 26 36 059\",\"icon\":\"phone\",\"icon_align\":\"left\",\"link\":\"tel:+ 381 11 26 36 059\"}},{\"name\":\"\",\"type\":\"button_item\",\"props\":{\"button_style\":\"link-text\",\"content\":\"+ 381 63 49 8724\",\"icon\":\"phone\",\"icon_align\":\"left\",\"link\":\"tel:+ 381 63 49 8724\"}}]},{\"name\":\"\",\"type\":\"button\",\"props\":{\"grid_column_gap\":\"small\",\"grid_row_gap\":\"small\",\"margin\":\"remove-vertical\"},\"children\":[{\"name\":\"\",\"type\":\"button_item\",\"props\":{\"button_style\":\"\",\"content\":\"aleksandra.marjanovic@mihajlaw.com\",\"icon\":\"mail\",\"icon_align\":\"left\",\"link\":\"mailto: aleksandra.marjanovic@mihajlaw.com\"}}]}]},{\"name\":\"\",\"type\":\"column\",\"props\":{\"image\":\"\",\"image_position\":\"center-center\",\"media_overlay_gradient\":\"\",\"position_sticky_breakpoint\":\"m\",\"width_small\":\"2-3\"},\"children\":[{\"name\":\"\",\"type\":\"text\",\"props\":{\"column_breakpoint\":\"m\",\"content\":\"\n\n<p>Aleksandra je diplomirala na Odseku za op\\u0161tu knji\\u017eevnost sa teorijom knji\\u017eevnosti na Filolo\\u0161kom fakultetu u Beogradu. Na istom fakultetu okon\\u010dala je specijalisti\\u010dke studije iz oblasti komunikologije, a potom na Akademiji IAB u Montreu u \\u0160vajcarskoj, master studije iz oblasti elektronskih medija. \\n<\\\/p>\\n\n\n<p>Aleksandra iza sebe ima vi\\u0161egodi\\u0161nje iskustvo u radu u oblasti PR-a i marketinga u presti\\u017enim srpskim i crnogorskim kompanijama.\\n\\nKao lingvista i stru\\u010dnjak za PR i komunikacije, omogu\\u0107ava svakodnevno funkcionisanje kancelarije <i>MIHAJ LAW <\\\/i> na svim nivoima. Radi sa klijentima, doma\\u0107im i stranim licima, i pru\\u017ea podr\\u0161ku u domenu administrativnih i carinskih poslova.\\n    Aleksandra je tako\\u0111e preduzetnica u \\\"PR Desk & Office Help-u\\\".\\n<br \\\/><br \\\/>Te\\u010dno govori engleski i italijanski jezik.<br \/>\\n   U\\u017eiva u \\u010ditanju i putovanjima.<\\\/p>\",\"margin\":\"default\",\"text_align\":\"left\"}}]}]},{\"type\":\"row\",\"children\":[{\"type\":\"column\",\"props\":{\"image_position\":\"center-center\",\"media_overlay_gradient\":\"\",\"position_sticky_breakpoint\":\"m\"},\"children\":[{\"type\":\"divider\",\"props\":{\"divider_element\":\"hr\"}}]}]},{\"type\":\"row\",\"props\":{\"layout\":\"1-4,3-4\"},\"children\":[{\"type\":\"column\",\"props\":{\"image_position\":\"center-center\",\"media_overlay_gradient\":\"\",\"position_sticky_breakpoint\":\"m\",\"width_medium\":\"1-4\"},\"children\":[{\"name\":\"\",\"type\":\"headline\",\"props\":{\"content\":\"STRU\\u010cNE OBLASTI\",\"title_decoration\":\"bullet\",\"title_element\":\"h2\",\"title_style\":\"h3\"}}]},{\"type\":\"column\",\"props\":{\"image_position\":\"center-center\",\"media_overlay_gradient\":\"\",\"position_sticky_breakpoint\":\"m\",\"width_medium\":\"3-4\"},\"children\":[{\"name\":\"\",\"type\":\"list\",\"props\":{\"column_breakpoint\":\"m\",\"image_align\":\"left\",\"image_svg_color\":\"emphasis\",\"image_vertical_align\":true,\"list_element\":\"ul\",\"list_horizontal_separator\":\", \",\"list_marker\":\"bullet\",\"list_size\":\"large\",\"list_type\":\"vertical\",\"margin\":\"small\",\"margin_remove_top\":false,\"show_image\":true,\"show_link\":true},\"children\":[{\"name\":\"\",\"type\":\"list_item\",\"props\":{\"content\":\"\n\n<p><span>Kao lingvista i stru\\u010dnjak za PR i komunikacije, omogu\\u0107ava svakodnevno funkcionisanje kancelarije na svim nivoima. Radi sa klijentima, doma\\u0107im i stranim licima, i pru\\u017ea podr\\u0161ku u domenu administrativnih i carinskih poslova.<\\\/span><\\\/p>\"}}]}]}]},{\"type\":\"row\",\"children\":[{\"type\":\"column\",\"props\":{\"image_position\":\"center-center\",\"media_overlay_gradient\":\"\",\"position_sticky_breakpoint\":\"m\"},\"children\":[{\"type\":\"divider\",\"props\":{\"divider_element\":\"hr\"}}]}]},{\"type\":\"row\",\"props\":{\"layout\":\"1-4,3-4\"},\"children\":[{\"type\":\"column\",\"props\":{\"image_position\":\"center-center\",\"media_overlay_gradient\":\"\",\"position_sticky_breakpoint\":\"m\",\"width_medium\":\"1-4\"},\"children\":[{\"name\":\"\",\"type\":\"headline\",\"props\":{\"content\":\"EDUKACIJA\",\"title_decoration\":\"bullet\",\"title_element\":\"h2\",\"title_style\":\"h3\"}}]},{\"type\":\"column\",\"props\":{\"image_position\":\"center-center\",\"media_overlay_gradient\":\"\",\"position_sticky_breakpoint\":\"m\",\"width_medium\":\"3-4\"},\"children\":[{\"name\":\"\",\"type\":\"list\",\"props\":{\"column_breakpoint\":\"m\",\"icon\":\"check\",\"image_align\":\"left\",\"image_svg_color\":\"emphasis\",\"image_vertical_align\":true,\"list_element\":\"ul\",\"list_horizontal_separator\":\", \",\"list_size\":\"\",\"list_style\":\"divider\",\"list_type\":\"vertical\",\"margin\":\"medium\",\"show_image\":true,\"show_link\":true},\"children\":[{\"name\":\"\",\"type\":\"list_item\",\"props\":{\"content\":\"Filolo\\u0161ki fakultet Univerziteta u Beogradu \\u2012 diplomirani filolog\",\"icon\":\"\"}},{\"name\":\"\",\"type\":\"list_item\",\"props\":{\"content\":\"Filolo\\u0161ki fakultet Univerziteta u Beogradu \\u2012 specijalisti\\u010dke studije iz komunikologije \",\"icon\":\"\"}},{\"name\":\"\",\"type\":\"list_item\",\"props\":{\"content\":\"Akademiji  IAB, Montre, \\u0160vajcarska \\u2012 master studije iz oblasti elektronskih medija\",\"icon\":\"\"}}]}]}]},{\"type\":\"row\",\"children\":[{\"type\":\"column\",\"props\":{\"image_position\":\"center-center\",\"media_overlay_gradient\":\"\",\"position_sticky_breakpoint\":\"m\"},\"children\":[{\"type\":\"divider\",\"props\":{\"divider_element\":\"hr\"}}]}]},{\"type\":\"row\",\"props\":{\"layout\":\"1-4,3-4\"},\"children\":[{\"type\":\"column\",\"props\":{\"image_position\":\"center-center\",\"media_overlay_gradient\":\"\",\"position_sticky_breakpoint\":\"m\",\"width_medium\":\"1-4\"},\"children\":[{\"name\":\"\",\"type\":\"headline\",\"props\":{\"content\":\"ISKUSTVO\",\"title_decoration\":\"bullet\",\"title_element\":\"h2\",\"title_style\":\"h3\"}}]},{\"type\":\"column\",\"props\":{\"image_position\":\"center-center\",\"media_overlay_gradient\":\"\",\"position_sticky_breakpoint\":\"m\",\"width_medium\":\"3-4\"},\"children\":[{\"name\":\"\",\"type\":\"description_list\",\"props\":{\"column_breakpoint\":\"m\",\"layout\":\"grid-2\",\"list_element\":\"ul\",\"list_size\":\"large\",\"margin\":\"small\",\"meta_align\":\"below-content\",\"meta_style\":\"text-meta\",\"show_content\":true,\"show_link\":true,\"show_meta\":true,\"show_title\":true,\"title_element\":\"div\",\"title_grid_column_gap\":\"large\",\"title_grid_row_gap\":\"large\",\"title_grid_width\":\"expand\"},\"children\":[{\"name\":\"\",\"type\":\"description_list_item\",\"props\":{\"content\":\"\",\"meta\":\"\",\"title\":\"- Vi\\u0161egodi\\u0161nji rad u oblasti PR-a i marketinga u presti\\u017enim srpskim i crnogorskim kompanijama\"}}]}]}]}]}],\"version\":\"3.0.23\"} --><\/p>","protected":false},"excerpt":{"rendered":"<p>ALEKSANDRA RADOVI\u0106 &#8211; MARJANOVI\u0106 CHIEF OF STAFF + 381 11 26 36 059 + 381 63 49 8724 aleksandra.marjanovic@mihajlaw.com Aleksandra je diplomirala na Odseku za op\u0161tu knji\u017eevnost sa teorijom knji\u017eevnosti na Filolo\u0161kom fakultetu u Beogradu. Na istom fakultetu okon\u010dala je specijalisti\u010dke studije iz oblasti komunikologije, a potom na Akademiji IAB u Montreu u \u0160vajcarskoj, master [&hellip;]<\/p>","protected":false},"author":1,"featured_media":0,"parent":0,"menu_order":0,"comment_status":"closed","ping_status":"closed","template":"","meta":[],"yoast_head":"<!-- This site is optimized with the Yoast SEO plugin v20.3 - https:\/\/yoast.com\/wordpress\/plugins\/seo\/ -->\n<title>ALEKSANDRA RADOVI\u0106 - MARIJANOVI\u0106 | Mihaj Law<\/title>\n<meta name=\"robots\" content=\"index, follow, max-snippet:-1, max-image-preview:large, max-video-preview:-1\" \/>\n<link rel=\"canonical\" href=\"https:\/\/mihajlaw.com\/en\/aleksandra-radovic-marijanovic\/\" \/>\n<meta property=\"og:locale\" content=\"en_US\" \/>\n<meta property=\"og:type\" content=\"article\" \/>\n<meta property=\"og:title\" content=\"ALEKSANDRA RADOVI\u0106 - MARIJANOVI\u0106 | Mihaj Law\" \/>\n<meta property=\"og:description\" content=\"ALEKSANDRA RADOVI\u0106 &#8211; MARJANOVI\u0106 CHIEF OF STAFF + 381 11 26 36 059 + 381 63 49 8724 aleksandra.marjanovic@mihajlaw.com Aleksandra je diplomirala na Odseku za op\u0161tu knji\u017eevnost sa teorijom knji\u017eevnosti na Filolo\u0161kom fakultetu u Beogradu. Na istom fakultetu okon\u010dala je specijalisti\u010dke studije iz oblasti komunikologije, a potom na Akademiji IAB u Montreu u \u0160vajcarskoj, master [&hellip;]\" \/>\n<meta property=\"og:url\" content=\"https:\/\/mihajlaw.com\/en\/aleksandra-radovic-marijanovic\/\" \/>\n<meta property=\"og:site_name\" content=\"Mihaj Law\" \/>\n<meta property=\"article:modified_time\" content=\"2023-02-23T00:17:31+00:00\" \/>\n<meta property=\"og:image\" content=\"https:\/\/mihajlaw.com\/wp-content\/uploads\/2023\/03\/mijhaj-law-logo-e1678916398425.jpg\" \/>\n\t<meta property=\"og:image:width\" content=\"1373\" \/>\n\t<meta property=\"og:image:height\" content=\"641\" \/>\n\t<meta property=\"og:image:type\" content=\"image\/jpeg\" \/>\n<meta name=\"twitter:card\" content=\"summary_large_image\" \/>\n<meta name=\"twitter:label1\" content=\"Est. reading time\" \/>\n\t<meta name=\"twitter:data1\" content=\"2 minutes\" \/>\n<script type=\"application\/ld+json\" class=\"yoast-schema-graph\">{\"@context\":\"https:\/\/schema.org\",\"@graph\":[{\"@type\":\"WebPage\",\"@id\":\"https:\/\/mihajlaw.com\/aleksandra-radovic-marijanovic\/\",\"url\":\"https:\/\/mihajlaw.com\/aleksandra-radovic-marijanovic\/\",\"name\":\"ALEKSANDRA RADOVI\u0106 - MARIJANOVI\u0106 | Mihaj Law\",\"isPartOf\":{\"@id\":\"https:\/\/mihajlaw.com\/#website\"},\"datePublished\":\"2023-02-03T03:29:29+00:00\",\"dateModified\":\"2023-02-23T00:17:31+00:00\",\"breadcrumb\":{\"@id\":\"https:\/\/mihajlaw.com\/aleksandra-radovic-marijanovic\/#breadcrumb\"},\"inLanguage\":\"en-US\",\"potentialAction\":[{\"@type\":\"ReadAction\",\"target\":[\"https:\/\/mihajlaw.com\/aleksandra-radovic-marijanovic\/\"]}]},{\"@type\":\"BreadcrumbList\",\"@id\":\"https:\/\/mihajlaw.com\/aleksandra-radovic-marijanovic\/#breadcrumb\",\"itemListElement\":[{\"@type\":\"ListItem\",\"position\":1,\"name\":\"Home\",\"item\":\"https:\/\/mihajlaw.com\/\"},{\"@type\":\"ListItem\",\"position\":2,\"name\":\"ALEKSANDRA RADOVI\u0106 &#8211; MARIJANOVI\u0106\"}]},{\"@type\":\"WebSite\",\"@id\":\"https:\/\/mihajlaw.com\/#website\",\"url\":\"https:\/\/mihajlaw.com\/\",\"name\":\"Mihaj Law\",\"description\":\"ADVOKATURA PO MERI KLIJENTA\",\"publisher\":{\"@id\":\"https:\/\/mihajlaw.com\/#organization\"},\"potentialAction\":[{\"@type\":\"SearchAction\",\"target\":{\"@type\":\"EntryPoint\",\"urlTemplate\":\"https:\/\/mihajlaw.com\/?s={search_term_string}\"},\"query-input\":\"required name=search_term_string\"}],\"inLanguage\":\"en-US\"},{\"@type\":\"Organization\",\"@id\":\"https:\/\/mihajlaw.com\/#organization\",\"name\":\"MIHAJ LAW\",\"url\":\"https:\/\/mihajlaw.com\/\",\"logo\":{\"@type\":\"ImageObject\",\"inLanguage\":\"en-US\",\"@id\":\"https:\/\/mihajlaw.com\/#\/schema\/logo\/image\/\",\"url\":\"https:\/\/mihajlaw.com\/wp-content\/uploads\/2023\/03\/mijhaj-law-logo-e1678916398425.jpg\",\"contentUrl\":\"https:\/\/mihajlaw.com\/wp-content\/uploads\/2023\/03\/mijhaj-law-logo-e1678916398425.jpg\",\"width\":1373,\"height\":641,\"caption\":\"MIHAJ LAW\"},\"image\":{\"@id\":\"https:\/\/mihajlaw.com\/#\/schema\/logo\/image\/\"}}]}<\/script>\n<!-- \/ Yoast SEO plugin. -->","yoast_head_json":{"title":"ALEKSANDRA RADOVI\u0106 - MARIJANOVI\u0106 | Mihaj Law","robots":{"index":"index","follow":"follow","max-snippet":"max-snippet:-1","max-image-preview":"max-image-preview:large","max-video-preview":"max-video-preview:-1"},"canonical":"https:\/\/mihajlaw.com\/en\/aleksandra-radovic-marijanovic\/","og_locale":"en_US","og_type":"article","og_title":"ALEKSANDRA RADOVI\u0106 - MARIJANOVI\u0106 | Mihaj Law","og_description":"ALEKSANDRA RADOVI\u0106 &#8211; MARJANOVI\u0106 CHIEF OF STAFF + 381 11 26 36 059 + 381 63 49 8724 aleksandra.marjanovic@mihajlaw.com Aleksandra je diplomirala na Odseku za op\u0161tu knji\u017eevnost sa teorijom knji\u017eevnosti na Filolo\u0161kom fakultetu u Beogradu. Na istom fakultetu okon\u010dala je specijalisti\u010dke studije iz oblasti komunikologije, a potom na Akademiji IAB u Montreu u \u0160vajcarskoj, master [&hellip;]","og_url":"https:\/\/mihajlaw.com\/en\/aleksandra-radovic-marijanovic\/","og_site_name":"Mihaj Law","article_modified_time":"2023-02-23T00:17:31+00:00","og_image":[{"width":1373,"height":641,"url":"https:\/\/mihajlaw.com\/wp-content\/uploads\/2023\/03\/mijhaj-law-logo-e1678916398425.jpg","type":"image\/jpeg"}],"twitter_card":"summary_large_image","twitter_misc":{"Est. reading time":"2 minutes"},"schema":{"@context":"https:\/\/schema.org","@graph":[{"@type":"WebPage","@id":"https:\/\/mihajlaw.com\/aleksandra-radovic-marijanovic\/","url":"https:\/\/mihajlaw.com\/aleksandra-radovic-marijanovic\/","name":"ALEKSANDRA RADOVI\u0106 - MARIJANOVI\u0106 | Mihaj Law","isPartOf":{"@id":"https:\/\/mihajlaw.com\/#website"},"datePublished":"2023-02-03T03:29:29+00:00","dateModified":"2023-02-23T00:17:31+00:00","breadcrumb":{"@id":"https:\/\/mihajlaw.com\/aleksandra-radovic-marijanovic\/#breadcrumb"},"inLanguage":"en-US","potentialAction":[{"@type":"ReadAction","target":["https:\/\/mihajlaw.com\/aleksandra-radovic-marijanovic\/"]}]},{"@type":"BreadcrumbList","@id":"https:\/\/mihajlaw.com\/aleksandra-radovic-marijanovic\/#breadcrumb","itemListElement":[{"@type":"ListItem","position":1,"name":"Home","item":"https:\/\/mihajlaw.com\/"},{"@type":"ListItem","position":2,"name":"ALEKSANDRA RADOVI\u0106 &#8211; MARIJANOVI\u0106"}]},{"@type":"WebSite","@id":"https:\/\/mihajlaw.com\/#website","url":"https:\/\/mihajlaw.com\/","name":"Mihaj Law","description":"ADVOKATURA PO MERI KLIJENTA","publisher":{"@id":"https:\/\/mihajlaw.com\/#organization"},"potentialAction":[{"@type":"SearchAction","target":{"@type":"EntryPoint","urlTemplate":"https:\/\/mihajlaw.com\/?s={search_term_string}"},"query-input":"required name=search_term_string"}],"inLanguage":"en-US"},{"@type":"Organization","@id":"https:\/\/mihajlaw.com\/#organization","name":"MIHAJ LAW","url":"https:\/\/mihajlaw.com\/","logo":{"@type":"ImageObject","inLanguage":"en-US","@id":"https:\/\/mihajlaw.com\/#\/schema\/logo\/image\/","url":"https:\/\/mihajlaw.com\/wp-content\/uploads\/2023\/03\/mijhaj-law-logo-e1678916398425.jpg","contentUrl":"https:\/\/mihajlaw.com\/wp-content\/uploads\/2023\/03\/mijhaj-law-logo-e1678916398425.jpg","width":1373,"height":641,"caption":"MIHAJ LAW"},"image":{"@id":"https:\/\/mihajlaw.com\/#\/schema\/logo\/image\/"}}]}},"_links":{"self":[{"href":"https:\/\/mihajlaw.com\/en\/wp-json\/wp\/v2\/pages\/2439"}],"collection":[{"href":"https:\/\/mihajlaw.com\/en\/wp-json\/wp\/v2\/pages"}],"about":[{"href":"https:\/\/mihajlaw.com\/en\/wp-json\/wp\/v2\/types\/page"}],"author":[{"embeddable":true,"href":"https:\/\/mihajlaw.com\/en\/wp-json\/wp\/v2\/users\/1"}],"replies":[{"embeddable":true,"href":"https:\/\/mihajlaw.com\/en\/wp-json\/wp\/v2\/comments?post=2439"}],"version-history":[{"count":19,"href":"https:\/\/mihajlaw.com\/en\/wp-json\/wp\/v2\/pages\/2439\/revisions"}],"predecessor-version":[{"id":4214,"href":"https:\/\/mihajlaw.com\/en\/wp-json\/wp\/v2\/pages\/2439\/revisions\/4214"}],"wp:attachment":[{"href":"https:\/\/mihajlaw.com\/en\/wp-json\/wp\/v2\/media?parent=2439"}],"curies":[{"name":"wp","href":"https:\/\/api.w.org\/{rel}","templated":true}]}}