{"id":2396,"date":"2023-02-02T23:20:42","date_gmt":"2023-02-02T23:20:42","guid":{"rendered":"https:\/\/mihajlaw.com\/?page_id=2396"},"modified":"2023-02-19T11:48:12","modified_gmt":"2023-02-19T11:48:12","slug":"dragan-bosankic","status":"publish","type":"page","link":"https:\/\/mihajlaw.com\/it\/dragan-bosankic\/","title":{"rendered":"DRAGAN BOSANKIC"},"content":{"rendered":"<h1>Dragan Bosanki\u0107<\/h1>\n<div>\n<p>COLLABORATORE ESTERNO PER LA CONSULENZA FISCALE E LA CONTABILIT\u00c0<\/p>\n<\/div>\n<p><img decoding=\"async\" src=\"\/wp-content\/uploads\/2023\/02\/DRAGAN-BOSANKIC_4350_1-R-KADAR-FIN.jpeg\" alt=\"\"><\/p>\n<p>\n    <a href=\"tel:+ 381 64 1976 470\">+ 381 64 1976 470<\/a>\n<\/p>\n<p>\n    <a href=\"mailto:dragan.bosankic@smarttaxsolutions.rs\">dragan.bosankic@smarttaxsolutions.rs<\/a>\n<\/p>\n<div>\n<p>Dragan je diplomirani ekonomista Ekonomskog fakulteta u Beogradu, master pravnik (tema \u201eTehnike me\u0111unarodnog poreskog planiranja\u201c) i doktorand Pravnog fakulteta Univerziteta u Beogradu, smera za javne finansije i finansijsko pravo. Tema doktorske disertacije je \u201ePDV u digitalnoj ekonomiji\u201c. Autor je vi\u0161e nau\u010dnih radova i stru\u010dnih mi\u0161ljenja koje je objavio u \u010dasopisima <em>Pravo i privreda<\/em> i <em>Anali Pravnog fakulteta <\/em>na temu poreskog prava, sa naglaskom na me\u0111unarodnom poreskom pravu.<\/p>\n<p>Dragan ima vi\u0161e od dvadeset godina radnog iskustva u oblastima bankarstva, finansija, ra\u010dunovodstva, poreskog i poslovnog savetovanja u kompanijama poput <em>Deloitte,<\/em> <em>Raiffeisen bank<\/em>, <em>Hypo Group-Alpe-Adria leasing<\/em>, <em>Credit Agricole bank<\/em>, <em>AIK banka<\/em> i dr. \u010clan je Srpskog fiskalnog dru\u0161tva (SFD) i International Fiscal Association (IFA). Direktor je Privrednog dru\u0161tva <em>Smart Tax Solutions d.o.o.<\/em> Beograd.<\/p>\n<p>Stru\u010dne oblasti njegovog rada jesu poresko pravo, ra\u010dunovodstvo, finansijski konsalting i upravljanje rizicima.<\/p>\n<p>Govori engeski, a slu\u017ei se nema\u010dkim jezikom.<\/p>\n<p>U\u017eiva u \u010ditanju, rekreativnom tr\u010danju i sviranju gitare.<\/p>\n<\/div>\n<hr>\n<h2>\u00a0AREE PROFESSIONALI<\/h2>\n<ul>\n<li>\n<div>\n<p>Poresko pravo<\/p>\n<\/div>\n<\/li>\n<li>\n<div>\n<p>Ra\u010dunovodstvo<\/p>\n<\/div>\n<\/li>\n<li>\n<div>\n<p>Finansijski konsalting<\/p>\n<\/div>\n<\/li>\n<li>\n<div>\n<p>Upravljanje rizicima<\/p>\n<\/div>\n<\/li>\n<\/ul>\n<hr>\n<h2>\u00a0FORMAZIONE SCOLASTICA<\/h2>\n<ul>\n<li>\n<div>\n<p>Diplomirani ekonomista Ekonomskog fakulteta u Beogradu<\/p>\n<\/div>\n<\/li>\n<li>\n<div>\n<p>Master pravnik (tema \u201eTehnike me\u0111unarodnog poreskog planiranja\u201c) i doktorand Pravnog fakulteta Univerziteta u Beogradu, smer za javne finansije i finansijsko pravo. Tema doktorske disertacije \u201ePDV u digitalnoj ekonomiji\u201c. Autor je vi\u0161e nau\u010dnih radova i stru\u010dnih mi\u0161ljenja koje je objavio u \u010dasopisima<\/em> <i>Pravo i privreda <\/i> i <em>Anali Pravnog fakulteta <\/em>na temu poreskog prava sa naglaskom na me\u0111unarodnom poreskom pravu<\/p>\n<\/div>\n<\/li>\n<\/ul>\n<hr>\n<h2>Esperienza<\/h2>\n<div>\n<h3>&#8211; Vi\u0161e od 20 godina radnog iskustva iz oblasti bankarstva, finansija, ra\u010dunovodstva, poreskog i poslovnog savetovanja u kompanijama poput Deloitte, Raiffeisen bank, Hypo Group-Alpe-Adria leasing, Credit Agricole bank, AIK banka i dr. \u010clan je Srpskog fiskalnog dru\u0161tva (SFD) i International Fiscal Association (IFA). Direktor je Privrednog dru\u0161tva Smart Tax Solutions d.o.o. Beograd.<\/h3>\n<\/div>\n<p><!--more--><br \/>\n<!-- {\"type\":\"layout\",\"children\":[{\"name\":\"Vita\",\"type\":\"section\",\"props\":{\"animation_delay\":false,\"image\":\"wp-content\\\/uploads\\\/2022\\\/12\\\/m-1-scaled.jpg\",\"image_height\":\"1400\",\"image_position\":\"center-center\",\"padding\":\"large\",\"style\":\"default\",\"title_breakpoint\":\"xl\",\"title_position\":\"top-left\",\"title_rotation\":\"left\",\"vertical_align\":\"middle\",\"width\":\"default\"},\"children\":[{\"name\":\"\",\"type\":\"row\",\"children\":[{\"name\":\"\",\"type\":\"column\",\"props\":{\"image_position\":\"center-center\",\"media_overlay_gradient\":\"\",\"position_sticky_breakpoint\":\"m\",\"width_medium\":\"1-1\"},\"children\":[{\"name\":\"\",\"type\":\"headline\",\"props\":{\"content\":\"Dragan Bosanki\\u0107\",\"margin\":\"small\",\"title_decoration\":\"bullet\",\"title_element\":\"h1\",\"title_style\":\"h2\"}},{\"name\":\"\",\"type\":\"text\",\"props\":{\"column_breakpoint\":\"m\",\"content\":\"\n\n<p>Spoljni saradnik za poresko savetovanje i ra\\u010dunovodstvo<\\\/p>\",\"margin\":\"remove-vertical\"}}]}]},{\"name\":\"\",\"type\":\"row\",\"props\":{\"column_gap\":\"small\",\"divider\":true,\"layout\":\"1-3,2-3\",\"row_gap\":\"medium\"},\"children\":[{\"name\":\"\",\"type\":\"column\",\"props\":{\"image_position\":\"center-center\",\"media_overlay_gradient\":\"\",\"position_sticky_breakpoint\":\"m\",\"width_small\":\"1-3\"},\"children\":[{\"name\":\"\",\"type\":\"image\",\"props\":{\"image\":\"wp-content\\\/uploads\\\/2023\\\/02\\\/DRAGAN-BOSANKIC_4350_1-R-KADAR-FIN.jpeg\",\"image_loading\":true,\"image_svg_color\":\"emphasis\",\"image_width\":\"600\",\"margin\":\"default\"}},{\"name\":\"\",\"type\":\"button\",\"props\":{\"grid_column_gap\":\"small\",\"grid_row_gap\":\"small\",\"margin\":\"remove-vertical\"},\"children\":[{\"name\":\"\",\"type\":\"button_item\",\"props\":{\"button_style\":\"link-text\",\"content\":\"+ 381 64 1976 470\",\"icon\":\"phone\",\"icon_align\":\"left\",\"link\":\"tel:+ 381 64 1976 470\"}}]},{\"name\":\"\",\"type\":\"button\",\"props\":{\"grid_column_gap\":\"small\",\"grid_row_gap\":\"small\",\"margin\":\"remove-vertical\"},\"children\":[{\"name\":\"\",\"type\":\"button_item\",\"props\":{\"button_style\":\"\",\"content\":\"dragan.bosankic@smarttaxsolutions.rs\",\"icon\":\"mail\",\"icon_align\":\"left\",\"link\":\"mailto:dragan.bosankic@smarttaxsolutions.rs\"}}]}]},{\"name\":\"\",\"type\":\"column\",\"props\":{\"image\":\"\",\"image_position\":\"center-center\",\"media_overlay_gradient\":\"\",\"position_sticky_breakpoint\":\"m\",\"width_small\":\"2-3\"},\"children\":[{\"name\":\"\",\"type\":\"text\",\"props\":{\"column_breakpoint\":\"m\",\"content\":\"\n\n<p><\\\/p>\\n\n\n<p>Dragan je diplomirani ekonomista Ekonomskog fakulteta u Beogradu, master pravnik (tema \\u201eTehnike me\\u0111unarodnog poreskog planiranja\\u201c) i doktorand Pravnog fakulteta Univerziteta u Beogradu, smera za javne finansije i finansijsko pravo. Tema doktorske disertacije je \\u201ePDV u digitalnoj ekonomiji\\u201c. Autor je vi\\u0161e nau\\u010dnih radova i stru\\u010dnih mi\\u0161ljenja koje je objavio u \\u010dasopisima <em>Pravo i privreda<\\\/em> i <em>Anali Pravnog fakulteta <\\\/em>na temu poreskog prava, sa naglaskom na me\\u0111unarodnom poreskom pravu.<\\\/p>\\n\n\n<p>Dragan ima vi\\u0161e od dvadeset godina radnog iskustva u oblastima bankarstva, finansija, ra\\u010dunovodstva, poreskog i poslovnog savetovanja u kompanijama poput <em>Deloitte,<\\\/em> <em>Raiffeisen bank<\\\/em>, <em>Hypo Group-Alpe-Adria leasing<\\\/em>, <em>Credit Agricole bank<\\\/em>, <em>AIK banka<\\\/em> i dr. \\u010clan je Srpskog fiskalnog dru\\u0161tva (SFD) i International Fiscal Association (IFA). Direktor je Privrednog dru\\u0161tva <em>Smart Tax Solutions d.o.o.<\\\/em> Beograd.<\\\/p>\\n\n\n<p>Stru\\u010dne oblasti njegovog rada jesu poresko pravo, ra\\u010dunovodstvo, finansijski konsalting i upravljanje rizicima.<br \\\/><br \\\/>Govori engeski, a slu\\u017ei se nema\\u010dkim jezikom.<\\\/p>\\n\n\n<p>U\\u017eiva u \\u010ditanju, rekreativnom tr\\u010danju i sviranju gitare.<\\\/p>\",\"margin\":\"default\",\"text_align\":\"left\"}}]}]},{\"type\":\"row\",\"children\":[{\"type\":\"column\",\"props\":{\"image_position\":\"center-center\",\"media_overlay_gradient\":\"\",\"position_sticky_breakpoint\":\"m\"},\"children\":[{\"type\":\"divider\",\"props\":{\"divider_element\":\"hr\"}}]}]},{\"type\":\"row\",\"props\":{\"layout\":\"1-4,3-4\"},\"children\":[{\"type\":\"column\",\"props\":{\"image_position\":\"center-center\",\"media_overlay_gradient\":\"\",\"position_sticky_breakpoint\":\"m\",\"width_medium\":\"1-4\"},\"children\":[{\"name\":\"\",\"type\":\"headline\",\"props\":{\"content\":\"STRU\\u010cNE OBLASTI\",\"title_decoration\":\"bullet\",\"title_element\":\"h2\",\"title_style\":\"h3\"}}]},{\"type\":\"column\",\"props\":{\"image_position\":\"center-center\",\"media_overlay_gradient\":\"\",\"position_sticky_breakpoint\":\"m\",\"width_medium\":\"3-4\"},\"children\":[{\"name\":\"\",\"type\":\"list\",\"props\":{\"column_breakpoint\":\"m\",\"image_align\":\"left\",\"image_svg_color\":\"emphasis\",\"image_vertical_align\":true,\"list_element\":\"ul\",\"list_horizontal_separator\":\", \",\"list_marker\":\"bullet\",\"list_size\":\"large\",\"list_type\":\"vertical\",\"margin\":\"small\",\"margin_remove_top\":false,\"show_image\":true,\"show_link\":true},\"children\":[{\"name\":\"\",\"type\":\"list_item\",\"props\":{\"content\":\"\n\n<p>Poresko pravo<\\\/p>\"}},{\"name\":\"\",\"type\":\"list_item\",\"props\":{\"content\":\"\n\n<p>Ra\\u010dunovodstvo<\\\/p>\"}},{\"name\":\"\",\"type\":\"list_item\",\"props\":{\"content\":\"\n\n<p>Finansijski konsalting<\\\/p>\"}},{\"name\":\"\",\"type\":\"list_item\",\"props\":{\"content\":\"\n\n<p>Upravljanje rizicima<\\\/p>\"}}]}]}]},{\"type\":\"row\",\"children\":[{\"type\":\"column\",\"props\":{\"image_position\":\"center-center\",\"media_overlay_gradient\":\"\",\"position_sticky_breakpoint\":\"m\"},\"children\":[{\"type\":\"divider\",\"props\":{\"divider_element\":\"hr\"}}]}]},{\"type\":\"row\",\"props\":{\"layout\":\"1-4,3-4\"},\"children\":[{\"type\":\"column\",\"props\":{\"image_position\":\"center-center\",\"media_overlay_gradient\":\"\",\"position_sticky_breakpoint\":\"m\",\"width_medium\":\"1-4\"},\"children\":[{\"name\":\"\",\"type\":\"headline\",\"props\":{\"content\":\"EDUKACIJA\",\"title_decoration\":\"bullet\",\"title_element\":\"h2\",\"title_style\":\"h3\"}}]},{\"type\":\"column\",\"props\":{\"image_position\":\"center-center\",\"media_overlay_gradient\":\"\",\"position_sticky_breakpoint\":\"m\",\"width_medium\":\"3-4\"},\"children\":[{\"name\":\"\",\"type\":\"list\",\"props\":{\"column_breakpoint\":\"m\",\"icon\":\"check\",\"image_align\":\"left\",\"image_svg_color\":\"emphasis\",\"image_vertical_align\":true,\"list_element\":\"ul\",\"list_horizontal_separator\":\", \",\"list_size\":\"\",\"list_style\":\"divider\",\"list_type\":\"vertical\",\"margin\":\"medium\",\"show_image\":true,\"show_link\":true},\"children\":[{\"name\":\"\",\"type\":\"list_item\",\"props\":{\"content\":\"\n\n<p>Diplomirani ekonomista Ekonomskog fakulteta u Beogradu<\\\/p>\",\"icon\":\"\"}},{\"name\":\"\",\"type\":\"list_item\",\"props\":{\"content\":\"\n\n<p>Master pravnik (tema \\u201eTehnike me\\u0111unarodnog poreskog planiranja\\u201c) i doktorand Pravnog fakulteta Univerziteta u Beogradu, smer za javne finansije i finansijsko pravo. Tema doktorske disertacije \\u201ePDV u digitalnoj ekonomiji\\u201c. Autor je vi\\u0161e nau\\u010dnih radova i stru\\u010dnih mi\\u0161ljenja koje je objavio u \\u010dasopisima<\\\/em> <i>Pravo i privreda <\\\/i> i <em>Anali Pravnog fakulteta <\\\/em>na temu poreskog prava sa naglaskom na me\\u0111unarodnom poreskom pravu<\\\/p>\",\"icon\":\"\"}}]}]}]},{\"type\":\"row\",\"children\":[{\"type\":\"column\",\"props\":{\"image_position\":\"center-center\",\"media_overlay_gradient\":\"\",\"position_sticky_breakpoint\":\"m\"},\"children\":[{\"type\":\"divider\",\"props\":{\"divider_element\":\"hr\"}}]}]},{\"type\":\"row\",\"props\":{\"layout\":\"1-4,3-4\"},\"children\":[{\"type\":\"column\",\"props\":{\"image_position\":\"center-center\",\"media_overlay_gradient\":\"\",\"position_sticky_breakpoint\":\"m\",\"width_medium\":\"1-4\"},\"children\":[{\"name\":\"\",\"type\":\"headline\",\"props\":{\"content\":\"ISKUSTVO\",\"title_decoration\":\"bullet\",\"title_element\":\"h2\",\"title_style\":\"h3\"}}]},{\"type\":\"column\",\"props\":{\"image_position\":\"center-center\",\"media_overlay_gradient\":\"\",\"position_sticky_breakpoint\":\"m\",\"width_medium\":\"3-4\"},\"children\":[{\"name\":\"\",\"type\":\"description_list\",\"props\":{\"column_breakpoint\":\"m\",\"layout\":\"grid-2\",\"list_element\":\"ul\",\"list_size\":\"large\",\"margin\":\"small\",\"meta_align\":\"below-content\",\"meta_style\":\"text-meta\",\"show_content\":true,\"show_link\":true,\"show_meta\":true,\"show_title\":true,\"title_element\":\"div\",\"title_grid_column_gap\":\"large\",\"title_grid_row_gap\":\"large\",\"title_grid_width\":\"expand\"},\"children\":[{\"name\":\"\",\"type\":\"description_list_item\",\"props\":{\"content\":\"\",\"meta\":\"\",\"title\":\"- Vi\\u0161e od 20 godina radnog iskustva iz oblasti bankarstva, finansija, ra\\u010dunovodstva, poreskog i poslovnog savetovanja u kompanijama poput Deloitte, Raiffeisen bank, Hypo Group-Alpe-Adria leasing, Credit Agricole bank, AIK banka i dr. \\u010clan je Srpskog fiskalnog dru\\u0161tva (SFD) i International Fiscal Association (IFA). Direktor je Privrednog dru\\u0161tva Smart Tax Solutions d.o.o. Beograd.\"}}]}]}]}]}],\"version\":\"3.0.23\"} --><\/p>","protected":false},"excerpt":{"rendered":"<p>Dragan Bosanki\u0107 Spoljni saradnik za poresko savetovanje i ra\u010dunovodstvo + 381 64 1976 470 dragan.bosankic@smarttaxsolutions.rs Dragan je diplomirani ekonomista Ekonomskog fakulteta u Beogradu, master pravnik (tema \u201eTehnike me\u0111unarodnog poreskog planiranja\u201c) i doktorand Pravnog fakulteta Univerziteta u Beogradu, smera za javne finansije i finansijsko pravo. Tema doktorske disertacije je \u201ePDV u digitalnoj ekonomiji\u201c. Autor je vi\u0161e [&hellip;]<\/p>","protected":false},"author":1,"featured_media":0,"parent":0,"menu_order":0,"comment_status":"closed","ping_status":"closed","template":"","meta":[],"yoast_head":"<!-- This site is optimized with the Yoast SEO plugin v20.3 - https:\/\/yoast.com\/wordpress\/plugins\/seo\/ -->\n<title>DRAGAN BOSANKIC | Mihaj Law<\/title>\n<meta name=\"robots\" content=\"index, follow, max-snippet:-1, max-image-preview:large, max-video-preview:-1\" \/>\n<link rel=\"canonical\" href=\"https:\/\/mihajlaw.com\/it\/dragan-bosankic\/\" \/>\n<meta property=\"og:locale\" content=\"it_IT\" \/>\n<meta property=\"og:type\" content=\"article\" \/>\n<meta property=\"og:title\" content=\"DRAGAN BOSANKIC | Mihaj Law\" \/>\n<meta property=\"og:description\" content=\"Dragan Bosanki\u0107 Spoljni saradnik za poresko savetovanje i ra\u010dunovodstvo + 381 64 1976 470 dragan.bosankic@smarttaxsolutions.rs Dragan je diplomirani ekonomista Ekonomskog fakulteta u Beogradu, master pravnik (tema \u201eTehnike me\u0111unarodnog poreskog planiranja\u201c) i doktorand Pravnog fakulteta Univerziteta u Beogradu, smera za javne finansije i finansijsko pravo. Tema doktorske disertacije je \u201ePDV u digitalnoj ekonomiji\u201c. Autor je vi\u0161e [&hellip;]\" \/>\n<meta property=\"og:url\" content=\"https:\/\/mihajlaw.com\/it\/dragan-bosankic\/\" \/>\n<meta property=\"og:site_name\" content=\"Mihaj Law\" \/>\n<meta property=\"article:modified_time\" content=\"2023-02-19T11:48:12+00:00\" \/>\n<meta property=\"og:image\" content=\"https:\/\/mihajlaw.com\/wp-content\/uploads\/2023\/03\/mijhaj-law-logo-e1678916398425.jpg\" \/>\n\t<meta property=\"og:image:width\" content=\"1373\" \/>\n\t<meta property=\"og:image:height\" content=\"641\" \/>\n\t<meta property=\"og:image:type\" content=\"image\/jpeg\" \/>\n<meta name=\"twitter:card\" content=\"summary_large_image\" \/>\n<meta name=\"twitter:label1\" content=\"Tempo di lettura stimato\" \/>\n\t<meta name=\"twitter:data1\" content=\"2 minuti\" \/>\n<script type=\"application\/ld+json\" class=\"yoast-schema-graph\">{\"@context\":\"https:\/\/schema.org\",\"@graph\":[{\"@type\":\"WebPage\",\"@id\":\"https:\/\/mihajlaw.com\/dragan-bosankic\/\",\"url\":\"https:\/\/mihajlaw.com\/dragan-bosankic\/\",\"name\":\"DRAGAN BOSANKIC | Mihaj Law\",\"isPartOf\":{\"@id\":\"https:\/\/mihajlaw.com\/#website\"},\"datePublished\":\"2023-02-02T23:20:42+00:00\",\"dateModified\":\"2023-02-19T11:48:12+00:00\",\"breadcrumb\":{\"@id\":\"https:\/\/mihajlaw.com\/dragan-bosankic\/#breadcrumb\"},\"inLanguage\":\"it-IT\",\"potentialAction\":[{\"@type\":\"ReadAction\",\"target\":[\"https:\/\/mihajlaw.com\/dragan-bosankic\/\"]}]},{\"@type\":\"BreadcrumbList\",\"@id\":\"https:\/\/mihajlaw.com\/dragan-bosankic\/#breadcrumb\",\"itemListElement\":[{\"@type\":\"ListItem\",\"position\":1,\"name\":\"Home\",\"item\":\"https:\/\/mihajlaw.com\/\"},{\"@type\":\"ListItem\",\"position\":2,\"name\":\"DRAGAN BOSANKIC\"}]},{\"@type\":\"WebSite\",\"@id\":\"https:\/\/mihajlaw.com\/#website\",\"url\":\"https:\/\/mihajlaw.com\/\",\"name\":\"Mihaj Law\",\"description\":\"ADVOKATURA PO MERI KLIJENTA\",\"publisher\":{\"@id\":\"https:\/\/mihajlaw.com\/#organization\"},\"potentialAction\":[{\"@type\":\"SearchAction\",\"target\":{\"@type\":\"EntryPoint\",\"urlTemplate\":\"https:\/\/mihajlaw.com\/?s={search_term_string}\"},\"query-input\":\"required name=search_term_string\"}],\"inLanguage\":\"it-IT\"},{\"@type\":\"Organization\",\"@id\":\"https:\/\/mihajlaw.com\/#organization\",\"name\":\"MIHAJ LAW\",\"url\":\"https:\/\/mihajlaw.com\/\",\"logo\":{\"@type\":\"ImageObject\",\"inLanguage\":\"it-IT\",\"@id\":\"https:\/\/mihajlaw.com\/#\/schema\/logo\/image\/\",\"url\":\"https:\/\/mihajlaw.com\/wp-content\/uploads\/2023\/03\/mijhaj-law-logo-e1678916398425.jpg\",\"contentUrl\":\"https:\/\/mihajlaw.com\/wp-content\/uploads\/2023\/03\/mijhaj-law-logo-e1678916398425.jpg\",\"width\":1373,\"height\":641,\"caption\":\"MIHAJ LAW\"},\"image\":{\"@id\":\"https:\/\/mihajlaw.com\/#\/schema\/logo\/image\/\"}}]}<\/script>\n<!-- \/ Yoast SEO plugin. -->","yoast_head_json":{"title":"DRAGAN BOSANKIC | Mihaj Law","robots":{"index":"index","follow":"follow","max-snippet":"max-snippet:-1","max-image-preview":"max-image-preview:large","max-video-preview":"max-video-preview:-1"},"canonical":"https:\/\/mihajlaw.com\/it\/dragan-bosankic\/","og_locale":"it_IT","og_type":"article","og_title":"DRAGAN BOSANKIC | Mihaj Law","og_description":"Dragan Bosanki\u0107 Spoljni saradnik za poresko savetovanje i ra\u010dunovodstvo + 381 64 1976 470 dragan.bosankic@smarttaxsolutions.rs Dragan je diplomirani ekonomista Ekonomskog fakulteta u Beogradu, master pravnik (tema \u201eTehnike me\u0111unarodnog poreskog planiranja\u201c) i doktorand Pravnog fakulteta Univerziteta u Beogradu, smera za javne finansije i finansijsko pravo. Tema doktorske disertacije je \u201ePDV u digitalnoj ekonomiji\u201c. Autor je vi\u0161e [&hellip;]","og_url":"https:\/\/mihajlaw.com\/it\/dragan-bosankic\/","og_site_name":"Mihaj Law","article_modified_time":"2023-02-19T11:48:12+00:00","og_image":[{"width":1373,"height":641,"url":"https:\/\/mihajlaw.com\/wp-content\/uploads\/2023\/03\/mijhaj-law-logo-e1678916398425.jpg","type":"image\/jpeg"}],"twitter_card":"summary_large_image","twitter_misc":{"Tempo di lettura stimato":"2 minuti"},"schema":{"@context":"https:\/\/schema.org","@graph":[{"@type":"WebPage","@id":"https:\/\/mihajlaw.com\/dragan-bosankic\/","url":"https:\/\/mihajlaw.com\/dragan-bosankic\/","name":"DRAGAN BOSANKIC | Mihaj Law","isPartOf":{"@id":"https:\/\/mihajlaw.com\/#website"},"datePublished":"2023-02-02T23:20:42+00:00","dateModified":"2023-02-19T11:48:12+00:00","breadcrumb":{"@id":"https:\/\/mihajlaw.com\/dragan-bosankic\/#breadcrumb"},"inLanguage":"it-IT","potentialAction":[{"@type":"ReadAction","target":["https:\/\/mihajlaw.com\/dragan-bosankic\/"]}]},{"@type":"BreadcrumbList","@id":"https:\/\/mihajlaw.com\/dragan-bosankic\/#breadcrumb","itemListElement":[{"@type":"ListItem","position":1,"name":"Home","item":"https:\/\/mihajlaw.com\/"},{"@type":"ListItem","position":2,"name":"DRAGAN BOSANKIC"}]},{"@type":"WebSite","@id":"https:\/\/mihajlaw.com\/#website","url":"https:\/\/mihajlaw.com\/","name":"Mihaj Law","description":"ADVOKATURA PO MERI KLIJENTA","publisher":{"@id":"https:\/\/mihajlaw.com\/#organization"},"potentialAction":[{"@type":"SearchAction","target":{"@type":"EntryPoint","urlTemplate":"https:\/\/mihajlaw.com\/?s={search_term_string}"},"query-input":"required name=search_term_string"}],"inLanguage":"it-IT"},{"@type":"Organization","@id":"https:\/\/mihajlaw.com\/#organization","name":"MIHAJ LAW.","url":"https:\/\/mihajlaw.com\/","logo":{"@type":"ImageObject","inLanguage":"it-IT","@id":"https:\/\/mihajlaw.com\/#\/schema\/logo\/image\/","url":"https:\/\/mihajlaw.com\/wp-content\/uploads\/2023\/03\/mijhaj-law-logo-e1678916398425.jpg","contentUrl":"https:\/\/mihajlaw.com\/wp-content\/uploads\/2023\/03\/mijhaj-law-logo-e1678916398425.jpg","width":1373,"height":641,"caption":"MIHAJ LAW"},"image":{"@id":"https:\/\/mihajlaw.com\/#\/schema\/logo\/image\/"}}]}},"_links":{"self":[{"href":"https:\/\/mihajlaw.com\/it\/wp-json\/wp\/v2\/pages\/2396"}],"collection":[{"href":"https:\/\/mihajlaw.com\/it\/wp-json\/wp\/v2\/pages"}],"about":[{"href":"https:\/\/mihajlaw.com\/it\/wp-json\/wp\/v2\/types\/page"}],"author":[{"embeddable":true,"href":"https:\/\/mihajlaw.com\/it\/wp-json\/wp\/v2\/users\/1"}],"replies":[{"embeddable":true,"href":"https:\/\/mihajlaw.com\/it\/wp-json\/wp\/v2\/comments?post=2396"}],"version-history":[{"count":12,"href":"https:\/\/mihajlaw.com\/it\/wp-json\/wp\/v2\/pages\/2396\/revisions"}],"predecessor-version":[{"id":3531,"href":"https:\/\/mihajlaw.com\/it\/wp-json\/wp\/v2\/pages\/2396\/revisions\/3531"}],"wp:attachment":[{"href":"https:\/\/mihajlaw.com\/it\/wp-json\/wp\/v2\/media?parent=2396"}],"curies":[{"name":"wp","href":"https:\/\/api.w.org\/{rel}","templated":true}]}}