{"id":2473,"date":"2023-02-03T07:33:22","date_gmt":"2023-02-03T07:33:22","guid":{"rendered":"https:\/\/mihajlaw.com\/?page_id=2473"},"modified":"2023-03-27T11:57:05","modified_gmt":"2023-03-27T11:57:05","slug":"violeta-milosavljevic","status":"publish","type":"page","link":"https:\/\/mihajlaw.com\/it\/violeta-milosavljevic\/","title":{"rendered":"VIOLETA MILOSAVLJEVIC"},"content":{"rendered":"<h1>Violeta Milosavljevi\u0107<\/h1>\n<div>\n<p>\u00a0SUDSKI PREVODILAC ZA ITALIJANSKI JEZIK \u2013 SPOLJNI SARADNIK\u00a0<\/p>\n<\/div>\n<p><img decoding=\"async\" src=\"\/wp-content\/uploads\/2023\/02\/Violeta-Milosavljevic-_3357_1-R-KADAR-FIN.jpeg\" alt=\"\"><\/p>\n<p>\n    <a href=\"tel:+ 381  60 42 47 441\">+ 381  60 42 47 441<\/a>\n<\/p>\n<p>\n    <a href=\"mailto: violamilosavljevic@yahoo.it\"> violamilosavljevic@yahoo.it<\/a>\n<\/p>\n<div>\n<p>Violeta je zavr\u0161ila Filolo\u0161ki fakultet Univerziteta u Beogradu, Odsek za italijanski jezik i knji\u017eevnost. Posao sudskog prevodioca radi od 2005. godine, te, shodno tome, poseduje izuzetno iskustvo u usmenom i pismenom prevo\u0111enju.<\/p>\n<\/p>\n<p>Oblasti koje su u sferi njenog rada jesu pravo, ekonomija i medicina.<\/p>\n<\/p>\n<p>Violeta u\u017eiva u \u010ditanju, gledanju filmova, odlascima u pozori\u0161te i u putovanjima.<\/p>\n<\/div>\n<hr>\n<h2>\u00a0AREE PROFESSIONALI<\/h2>\n<ul>\n<li>\n<div>\n<p><span>Pravo<\/span><\/p>\n<\/div>\n<\/li>\n<li>\n<div>\n<p><span>Ekonomija<\/span><\/p>\n<\/div>\n<\/li>\n<li>\n<div>\n<p><span>Medicina<\/span><\/p>\n<\/div>\n<\/li>\n<\/ul>\n<hr>\n<h2>\u00a0FORMAZIONE SCOLASTICA<\/h2>\n<ul>\n<li>\n<div>\n<p>Filolo\u0161ki fakultet Univerziteta u Beogradu, Odsek za italijanski jezik i knji\u017eevnost<\/p>\n<\/div>\n<\/li>\n<li>\n<div>\n<p>Sudski prevodilac od 26.12.2005.god.<\/p>\n<\/div>\n<\/li>\n<\/ul>\n<hr>\n<h2>Esperienza<\/h2>\n<ul>\n<li>\n<h3>&#8211; Dugogodi\u0161nje iskustvo \u2013 usmeno i pismeno prevo\u0111enje <\/h3>\n<\/li>\n<li>\n<h3>&#8211; Sudski prevodilac za italijanski jezik<\/h3>\n<\/li>\n<\/ul>\n<p><!--more--><br \/>\n<!-- {\"type\":\"layout\",\"children\":[{\"name\":\"Vita\",\"type\":\"section\",\"props\":{\"animation_delay\":false,\"image\":\"wp-content\\\/uploads\\\/2022\\\/12\\\/m-1-scaled.jpg\",\"image_height\":\"1400\",\"image_position\":\"center-center\",\"padding\":\"large\",\"style\":\"default\",\"title_breakpoint\":\"xl\",\"title_position\":\"top-left\",\"title_rotation\":\"left\",\"vertical_align\":\"middle\",\"width\":\"default\"},\"children\":[{\"name\":\"\",\"type\":\"row\",\"children\":[{\"name\":\"\",\"type\":\"column\",\"props\":{\"image_position\":\"center-center\",\"media_overlay_gradient\":\"\",\"position_sticky_breakpoint\":\"m\",\"width_medium\":\"1-1\"},\"children\":[{\"name\":\"\",\"type\":\"headline\",\"props\":{\"content\":\"Violeta Milosavljevi\\u0107\",\"margin\":\"small\",\"title_decoration\":\"bullet\",\"title_element\":\"h1\",\"title_style\":\"h2\"}},{\"name\":\"\",\"type\":\"text\",\"props\":{\"column_breakpoint\":\"m\",\"content\":\"\n\n<p>\\u00a0SUDSKI PREVODILAC ZA ITALIJANSKI JEZIK \\u2013 SPOLJNI SARADNIK\\u00a0<\\\/p>\",\"margin\":\"remove-vertical\"}}]}]},{\"name\":\"\",\"type\":\"row\",\"props\":{\"column_gap\":\"small\",\"divider\":true,\"layout\":\"1-3,2-3\",\"row_gap\":\"medium\"},\"children\":[{\"name\":\"\",\"type\":\"column\",\"props\":{\"image_position\":\"center-center\",\"media_overlay_gradient\":\"\",\"position_sticky_breakpoint\":\"m\",\"width_small\":\"1-3\"},\"children\":[{\"name\":\"\",\"type\":\"image\",\"props\":{\"image\":\"wp-content\\\/uploads\\\/2023\\\/02\\\/Violeta-Milosavljevic-_3357_1-R-KADAR-FIN.jpeg\",\"image_loading\":true,\"image_svg_color\":\"emphasis\",\"image_width\":\"600\",\"margin\":\"default\"}},{\"name\":\"\",\"type\":\"button\",\"props\":{\"grid_column_gap\":\"small\",\"grid_row_gap\":\"small\",\"margin\":\"remove-vertical\"},\"children\":[{\"name\":\"\",\"type\":\"button_item\",\"props\":{\"button_style\":\"link-text\",\"content\":\"+ 381  60 42 47 441\",\"icon\":\"phone\",\"icon_align\":\"left\",\"link\":\"tel:+ 381  60 42 47 441\"}}]},{\"name\":\"\",\"type\":\"button\",\"props\":{\"grid_column_gap\":\"small\",\"grid_row_gap\":\"small\",\"margin\":\"remove-vertical\"},\"children\":[{\"name\":\"\",\"type\":\"button_item\",\"props\":{\"button_style\":\"\",\"content\":\" violamilosavljevic@yahoo.it\",\"icon\":\"mail\",\"icon_align\":\"left\",\"link\":\"mailto: violamilosavljevic@yahoo.it\"}}]}]},{\"name\":\"\",\"type\":\"column\",\"props\":{\"image\":\"\",\"image_position\":\"center-center\",\"media_overlay_gradient\":\"\",\"position_sticky_breakpoint\":\"m\",\"width_small\":\"2-3\"},\"children\":[{\"name\":\"\",\"type\":\"text\",\"props\":{\"column_breakpoint\":\"m\",\"content\":\"\n\n<p>Violeta je zavr\\u0161ila Filolo\\u0161ki fakultet Univerziteta u Beogradu, Odsek za italijanski jezik i knji\\u017eevnost. Posao sudskog prevodioca radi od 2005. godine, te, shodno tome, poseduje izuzetno iskustvo u usmenom i pismenom prevo\\u0111enju.<\\\/p>\\n\n\n<p><\\\/p>\\n\n\n<p>Oblasti koje su u sferi njenog rada jesu pravo, ekonomija i medicina.<\\\/p>\\n\n\n<p><\\\/p>\\n\n\n<p>Violeta u\\u017eiva u \\u010ditanju, gledanju filmova, odlascima u pozori\\u0161te i u putovanjima.<\\\/p>\",\"margin\":\"default\",\"text_align\":\"left\"}}]}]},{\"type\":\"row\",\"children\":[{\"type\":\"column\",\"props\":{\"image_position\":\"center-center\",\"media_overlay_gradient\":\"\",\"position_sticky_breakpoint\":\"m\"},\"children\":[{\"type\":\"divider\",\"props\":{\"divider_element\":\"hr\"}}]}]},{\"type\":\"row\",\"props\":{\"layout\":\"1-4,3-4\"},\"children\":[{\"type\":\"column\",\"props\":{\"image_position\":\"center-center\",\"media_overlay_gradient\":\"\",\"position_sticky_breakpoint\":\"m\",\"width_medium\":\"1-4\"},\"children\":[{\"name\":\"\",\"type\":\"headline\",\"props\":{\"content\":\"STRU\\u010cNE OBLASTI\",\"title_decoration\":\"bullet\",\"title_element\":\"h2\",\"title_style\":\"h3\"}}]},{\"type\":\"column\",\"props\":{\"image_position\":\"center-center\",\"media_overlay_gradient\":\"\",\"position_sticky_breakpoint\":\"m\",\"width_medium\":\"3-4\"},\"children\":[{\"name\":\"\",\"type\":\"list\",\"props\":{\"column_breakpoint\":\"m\",\"image_align\":\"left\",\"image_svg_color\":\"emphasis\",\"image_vertical_align\":true,\"list_element\":\"ul\",\"list_horizontal_separator\":\", \",\"list_marker\":\"bullet\",\"list_size\":\"large\",\"list_type\":\"vertical\",\"margin\":\"small\",\"margin_remove_top\":false,\"show_image\":true,\"show_link\":true},\"children\":[{\"name\":\"\",\"type\":\"list_item\",\"props\":{\"content\":\"\n\n<p><span>Pravo<\\\/span><\\\/p>\"}},{\"name\":\"\",\"type\":\"list_item\",\"props\":{\"content\":\"\n\n<p><span>Ekonomija<\\\/span><\\\/p>\"}},{\"name\":\"\",\"type\":\"list_item\",\"props\":{\"content\":\"\n\n<p><span>Medicina<\\\/span><\\\/p>\"}}]}]}]},{\"type\":\"row\",\"children\":[{\"type\":\"column\",\"props\":{\"image_position\":\"center-center\",\"media_overlay_gradient\":\"\",\"position_sticky_breakpoint\":\"m\"},\"children\":[{\"type\":\"divider\",\"props\":{\"divider_element\":\"hr\"}}]}]},{\"type\":\"row\",\"props\":{\"layout\":\"1-4,3-4\"},\"children\":[{\"type\":\"column\",\"props\":{\"image_position\":\"center-center\",\"media_overlay_gradient\":\"\",\"position_sticky_breakpoint\":\"m\",\"width_medium\":\"1-4\"},\"children\":[{\"name\":\"\",\"type\":\"headline\",\"props\":{\"content\":\"EDUKACIJA\",\"title_decoration\":\"bullet\",\"title_element\":\"h2\",\"title_style\":\"h3\"}}]},{\"type\":\"column\",\"props\":{\"image_position\":\"center-center\",\"media_overlay_gradient\":\"\",\"position_sticky_breakpoint\":\"m\",\"width_medium\":\"3-4\"},\"children\":[{\"name\":\"\",\"type\":\"list\",\"props\":{\"column_breakpoint\":\"m\",\"icon\":\"check\",\"image_align\":\"left\",\"image_svg_color\":\"emphasis\",\"image_vertical_align\":true,\"list_element\":\"ul\",\"list_horizontal_separator\":\", \",\"list_size\":\"\",\"list_style\":\"divider\",\"list_type\":\"vertical\",\"margin\":\"medium\",\"show_image\":true,\"show_link\":true},\"children\":[{\"name\":\"\",\"type\":\"list_item\",\"props\":{\"content\":\"\n\n<p>Filolo\\u0161ki fakultet Univerziteta u Beogradu, Odsek za italijanski jezik i knji\\u017eevnost<\\\/p>\",\"icon\":\"\"}},{\"name\":\"\",\"type\":\"list_item\",\"props\":{\"content\":\"\n\n<p>Sudski prevodilac od 26.12.2005.god.<\\\/p>\",\"icon\":\"\"}}]}]}]},{\"type\":\"row\",\"children\":[{\"type\":\"column\",\"props\":{\"image_position\":\"center-center\",\"media_overlay_gradient\":\"\",\"position_sticky_breakpoint\":\"m\"},\"children\":[{\"type\":\"divider\",\"props\":{\"divider_element\":\"hr\"}}]}]},{\"type\":\"row\",\"props\":{\"layout\":\"1-4,3-4\"},\"children\":[{\"type\":\"column\",\"props\":{\"image_position\":\"center-center\",\"media_overlay_gradient\":\"\",\"position_sticky_breakpoint\":\"m\",\"width_medium\":\"1-4\"},\"children\":[{\"name\":\"\",\"type\":\"headline\",\"props\":{\"content\":\"ISKUSTVO\",\"title_decoration\":\"bullet\",\"title_element\":\"h2\",\"title_style\":\"h3\"}}]},{\"type\":\"column\",\"props\":{\"image_position\":\"center-center\",\"media_overlay_gradient\":\"\",\"position_sticky_breakpoint\":\"m\",\"width_medium\":\"3-4\"},\"children\":[{\"name\":\"\",\"type\":\"description_list\",\"props\":{\"column_breakpoint\":\"m\",\"layout\":\"grid-2\",\"list_element\":\"ul\",\"list_size\":\"large\",\"margin\":\"small\",\"meta_align\":\"below-content\",\"meta_style\":\"text-meta\",\"show_content\":true,\"show_link\":true,\"show_meta\":true,\"show_title\":true,\"title_element\":\"div\",\"title_grid_column_gap\":\"large\",\"title_grid_row_gap\":\"large\",\"title_grid_width\":\"expand\"},\"children\":[{\"name\":\"\",\"type\":\"description_list_item\",\"props\":{\"content\":\"\",\"meta\":\"\",\"title\":\"- Dugogodi\\u0161nje iskustvo \\u2013 usmeno i pismeno prevo\\u0111enje \"}},{\"name\":\"\",\"type\":\"description_list_item\",\"props\":{\"content\":\"\",\"meta\":\"\",\"title\":\"- Sudski prevodilac za italijanski jezik\"}}]}]}]}]}],\"version\":\"3.0.23\"} --><\/p>","protected":false},"excerpt":{"rendered":"<p>Violeta Milosavljevi\u0107 \u00a0SUDSKI PREVODILAC ZA ITALIJANSKI JEZIK \u2013 SPOLJNI SARADNIK\u00a0 + 381 60 42 47 441 violamilosavljevic@yahoo.it Violeta je zavr\u0161ila Filolo\u0161ki fakultet Univerziteta u Beogradu, Odsek za italijanski jezik i knji\u017eevnost. Posao sudskog prevodioca radi od 2005. godine, te, shodno tome, poseduje izuzetno iskustvo u usmenom i pismenom prevo\u0111enju. Oblasti koje su u sferi njenog [&hellip;]<\/p>","protected":false},"author":1,"featured_media":0,"parent":0,"menu_order":0,"comment_status":"closed","ping_status":"closed","template":"","meta":[],"yoast_head":"<!-- This site is optimized with the Yoast SEO plugin v20.3 - https:\/\/yoast.com\/wordpress\/plugins\/seo\/ -->\n<title>VIOLETA MILOSAVLJEVIC | Mihaj Law<\/title>\n<meta name=\"robots\" content=\"index, follow, max-snippet:-1, max-image-preview:large, max-video-preview:-1\" \/>\n<link rel=\"canonical\" href=\"https:\/\/mihajlaw.com\/it\/violeta-milosavljevic\/\" \/>\n<meta property=\"og:locale\" content=\"it_IT\" \/>\n<meta property=\"og:type\" content=\"article\" \/>\n<meta property=\"og:title\" content=\"VIOLETA MILOSAVLJEVIC | Mihaj Law\" \/>\n<meta property=\"og:description\" content=\"Violeta Milosavljevi\u0107 \u00a0SUDSKI PREVODILAC ZA ITALIJANSKI JEZIK \u2013 SPOLJNI SARADNIK\u00a0 + 381 60 42 47 441 violamilosavljevic@yahoo.it Violeta je zavr\u0161ila Filolo\u0161ki fakultet Univerziteta u Beogradu, Odsek za italijanski jezik i knji\u017eevnost. Posao sudskog prevodioca radi od 2005. godine, te, shodno tome, poseduje izuzetno iskustvo u usmenom i pismenom prevo\u0111enju. Oblasti koje su u sferi njenog [&hellip;]\" \/>\n<meta property=\"og:url\" content=\"https:\/\/mihajlaw.com\/it\/violeta-milosavljevic\/\" \/>\n<meta property=\"og:site_name\" content=\"Mihaj Law\" \/>\n<meta property=\"article:modified_time\" content=\"2023-03-27T11:57:05+00:00\" \/>\n<meta property=\"og:image\" content=\"https:\/\/mihajlaw.com\/wp-content\/uploads\/2023\/03\/mijhaj-law-logo-e1678916398425.jpg\" \/>\n\t<meta property=\"og:image:width\" content=\"1373\" \/>\n\t<meta property=\"og:image:height\" content=\"641\" \/>\n\t<meta property=\"og:image:type\" content=\"image\/jpeg\" \/>\n<meta name=\"twitter:card\" content=\"summary_large_image\" \/>\n<script type=\"application\/ld+json\" class=\"yoast-schema-graph\">{\"@context\":\"https:\/\/schema.org\",\"@graph\":[{\"@type\":\"WebPage\",\"@id\":\"https:\/\/mihajlaw.com\/violeta-milosavljevic\/\",\"url\":\"https:\/\/mihajlaw.com\/violeta-milosavljevic\/\",\"name\":\"VIOLETA MILOSAVLJEVIC | Mihaj Law\",\"isPartOf\":{\"@id\":\"https:\/\/mihajlaw.com\/#website\"},\"datePublished\":\"2023-02-03T07:33:22+00:00\",\"dateModified\":\"2023-03-27T11:57:05+00:00\",\"breadcrumb\":{\"@id\":\"https:\/\/mihajlaw.com\/violeta-milosavljevic\/#breadcrumb\"},\"inLanguage\":\"it-IT\",\"potentialAction\":[{\"@type\":\"ReadAction\",\"target\":[\"https:\/\/mihajlaw.com\/violeta-milosavljevic\/\"]}]},{\"@type\":\"BreadcrumbList\",\"@id\":\"https:\/\/mihajlaw.com\/violeta-milosavljevic\/#breadcrumb\",\"itemListElement\":[{\"@type\":\"ListItem\",\"position\":1,\"name\":\"Home\",\"item\":\"https:\/\/mihajlaw.com\/\"},{\"@type\":\"ListItem\",\"position\":2,\"name\":\"VIOLETA MILOSAVLJEVIC\"}]},{\"@type\":\"WebSite\",\"@id\":\"https:\/\/mihajlaw.com\/#website\",\"url\":\"https:\/\/mihajlaw.com\/\",\"name\":\"Mihaj Law\",\"description\":\"ADVOKATURA PO MERI KLIJENTA\",\"publisher\":{\"@id\":\"https:\/\/mihajlaw.com\/#organization\"},\"potentialAction\":[{\"@type\":\"SearchAction\",\"target\":{\"@type\":\"EntryPoint\",\"urlTemplate\":\"https:\/\/mihajlaw.com\/?s={search_term_string}\"},\"query-input\":\"required name=search_term_string\"}],\"inLanguage\":\"it-IT\"},{\"@type\":\"Organization\",\"@id\":\"https:\/\/mihajlaw.com\/#organization\",\"name\":\"MIHAJ LAW\",\"url\":\"https:\/\/mihajlaw.com\/\",\"logo\":{\"@type\":\"ImageObject\",\"inLanguage\":\"it-IT\",\"@id\":\"https:\/\/mihajlaw.com\/#\/schema\/logo\/image\/\",\"url\":\"https:\/\/mihajlaw.com\/wp-content\/uploads\/2023\/03\/mijhaj-law-logo-e1678916398425.jpg\",\"contentUrl\":\"https:\/\/mihajlaw.com\/wp-content\/uploads\/2023\/03\/mijhaj-law-logo-e1678916398425.jpg\",\"width\":1373,\"height\":641,\"caption\":\"MIHAJ LAW\"},\"image\":{\"@id\":\"https:\/\/mihajlaw.com\/#\/schema\/logo\/image\/\"}}]}<\/script>\n<!-- \/ Yoast SEO plugin. -->","yoast_head_json":{"title":"VIOLETA MILOSAVLJEVIC | Mihaj Law","robots":{"index":"index","follow":"follow","max-snippet":"max-snippet:-1","max-image-preview":"max-image-preview:large","max-video-preview":"max-video-preview:-1"},"canonical":"https:\/\/mihajlaw.com\/it\/violeta-milosavljevic\/","og_locale":"it_IT","og_type":"article","og_title":"VIOLETA MILOSAVLJEVIC | Mihaj Law","og_description":"Violeta Milosavljevi\u0107 \u00a0SUDSKI PREVODILAC ZA ITALIJANSKI JEZIK \u2013 SPOLJNI SARADNIK\u00a0 + 381 60 42 47 441 violamilosavljevic@yahoo.it Violeta je zavr\u0161ila Filolo\u0161ki fakultet Univerziteta u Beogradu, Odsek za italijanski jezik i knji\u017eevnost. Posao sudskog prevodioca radi od 2005. godine, te, shodno tome, poseduje izuzetno iskustvo u usmenom i pismenom prevo\u0111enju. Oblasti koje su u sferi njenog [&hellip;]","og_url":"https:\/\/mihajlaw.com\/it\/violeta-milosavljevic\/","og_site_name":"Mihaj Law","article_modified_time":"2023-03-27T11:57:05+00:00","og_image":[{"width":1373,"height":641,"url":"https:\/\/mihajlaw.com\/wp-content\/uploads\/2023\/03\/mijhaj-law-logo-e1678916398425.jpg","type":"image\/jpeg"}],"twitter_card":"summary_large_image","schema":{"@context":"https:\/\/schema.org","@graph":[{"@type":"WebPage","@id":"https:\/\/mihajlaw.com\/violeta-milosavljevic\/","url":"https:\/\/mihajlaw.com\/violeta-milosavljevic\/","name":"VIOLETA MILOSAVLJEVIC | Mihaj Law","isPartOf":{"@id":"https:\/\/mihajlaw.com\/#website"},"datePublished":"2023-02-03T07:33:22+00:00","dateModified":"2023-03-27T11:57:05+00:00","breadcrumb":{"@id":"https:\/\/mihajlaw.com\/violeta-milosavljevic\/#breadcrumb"},"inLanguage":"it-IT","potentialAction":[{"@type":"ReadAction","target":["https:\/\/mihajlaw.com\/violeta-milosavljevic\/"]}]},{"@type":"BreadcrumbList","@id":"https:\/\/mihajlaw.com\/violeta-milosavljevic\/#breadcrumb","itemListElement":[{"@type":"ListItem","position":1,"name":"Home","item":"https:\/\/mihajlaw.com\/"},{"@type":"ListItem","position":2,"name":"VIOLETA MILOSAVLJEVIC"}]},{"@type":"WebSite","@id":"https:\/\/mihajlaw.com\/#website","url":"https:\/\/mihajlaw.com\/","name":"Mihaj Law","description":"ADVOKATURA PO MERI KLIJENTA","publisher":{"@id":"https:\/\/mihajlaw.com\/#organization"},"potentialAction":[{"@type":"SearchAction","target":{"@type":"EntryPoint","urlTemplate":"https:\/\/mihajlaw.com\/?s={search_term_string}"},"query-input":"required name=search_term_string"}],"inLanguage":"it-IT"},{"@type":"Organization","@id":"https:\/\/mihajlaw.com\/#organization","name":"MIHAJ LAW.","url":"https:\/\/mihajlaw.com\/","logo":{"@type":"ImageObject","inLanguage":"it-IT","@id":"https:\/\/mihajlaw.com\/#\/schema\/logo\/image\/","url":"https:\/\/mihajlaw.com\/wp-content\/uploads\/2023\/03\/mijhaj-law-logo-e1678916398425.jpg","contentUrl":"https:\/\/mihajlaw.com\/wp-content\/uploads\/2023\/03\/mijhaj-law-logo-e1678916398425.jpg","width":1373,"height":641,"caption":"MIHAJ LAW"},"image":{"@id":"https:\/\/mihajlaw.com\/#\/schema\/logo\/image\/"}}]}},"_links":{"self":[{"href":"https:\/\/mihajlaw.com\/it\/wp-json\/wp\/v2\/pages\/2473"}],"collection":[{"href":"https:\/\/mihajlaw.com\/it\/wp-json\/wp\/v2\/pages"}],"about":[{"href":"https:\/\/mihajlaw.com\/it\/wp-json\/wp\/v2\/types\/page"}],"author":[{"embeddable":true,"href":"https:\/\/mihajlaw.com\/it\/wp-json\/wp\/v2\/users\/1"}],"replies":[{"embeddable":true,"href":"https:\/\/mihajlaw.com\/it\/wp-json\/wp\/v2\/comments?post=2473"}],"version-history":[{"count":6,"href":"https:\/\/mihajlaw.com\/it\/wp-json\/wp\/v2\/pages\/2473\/revisions"}],"predecessor-version":[{"id":5856,"href":"https:\/\/mihajlaw.com\/it\/wp-json\/wp\/v2\/pages\/2473\/revisions\/5856"}],"wp:attachment":[{"href":"https:\/\/mihajlaw.com\/it\/wp-json\/wp\/v2\/media?parent=2473"}],"curies":[{"name":"wp","href":"https:\/\/api.w.org\/{rel}","templated":true}]}}