{"id":425,"date":"2022-12-03T09:39:42","date_gmt":"2022-12-03T09:39:42","guid":{"rendered":"https:\/\/mihajlaw.com\/?page_id=425"},"modified":"2023-03-26T10:16:28","modified_gmt":"2023-03-26T10:16:28","slug":"kontakt","status":"publish","type":"page","link":"https:\/\/mihajlaw.com\/it\/kontakt\/","title":{"rendered":"CONTATTO"},"content":{"rendered":"<div>\n<p>    <img decoding=\"async\" src=\"\/wp-content\/uploads\/2022\/12\/DIZ_5048b-copy-1.jpg\" alt=\"\"><\/p>\n<\/div>\n<h1>NEL CENTRO DI <span class=\"uk-text-primary\"><br \/>BELGRADO<\/span> <br \/>E A VR\u0160AC<\/h1>\n<p><img decoding=\"async\" src=\"\/wp-content\/uploads\/contact-mobile.jpg\" alt=\"\"><\/p>\n<ul>\n<li>\n<h2>BELGRADO<\/h2>\n<p>Ufficio legale<\/p>\n<div>\n<ul class=\"uk-list\">\n<li>Kneza Mihaila 34\/II<\/li>\n<li>11000  | Beograd | Srbija<\/li>\n<\/ul>\n<p><a href=\"tel:+38111-263-6059\">+(381 11) 263-6059<\/a><\/p>\n<li><a \n\n\n<li><a href=\"mailto:office@mihajlaw.com\">office@mihajlaw.com<\/a><\/li>\n<\/div>\n<p><a href=\"https:\/\/goo.gl\/maps\/GCDrit5rkwWvPgtRA\">Mappa\/locazione<\/a><\/p>\n<\/li>\n<li>\n<h2>VR\u0160AC<\/h2>\n<p>Ufficio legale<\/p>\n<div>\n<ul class=\"uk-list\">\n<li>Sterijina 50<\/li>\n<li>23600 | Vr\u0161ac | Srbija<\/li>\n<\/ul>\n<p><a href=\"tel:+38113-83-0795\">+(381 13) 83-0795<\/a><\/p>\n<li><a \n\n\n<li><a href=\"mailto:office.vrsac@mihajlaw.com\">office.vrsac@mihajlaw.com<\/a><\/li>\n<\/div>\n<p><a href=\"https:\/\/goo.gl\/maps\/SjsdvBseh3zL2vC8A\">Mappa\/locazione<\/a><\/p>\n<\/li>\n<\/ul>\n<ul>\n<li><a href=\"https:\/\/facebook.com\">facebook<\/a>\n<\/li>\n<li><a href=\"https:\/\/www.instagram.com\/\">instagram<\/a>\n<\/li>\n<li><a href=\"https:\/\/www.linkedin.com\">linkedin<\/a>\n<\/li>\n<\/ul>\n<div>\n<h2>NEL CENTRO DI BELGRADO <br>\nNELLA ZONA TURISTICA PEDONALE<\/h2>\n<p>BEOGRAD, SRBIJA<\/p>\n<div>L'ufficio <i>MIHAJ LAW. <\/i> nalazi se u Ulici kneza Mihaila 34\/II, u stambeno-poslovnoj zgradi, koja je gra\u0111ena po projektima dvojice poznatih arhitekata, Koste J. Jovanovi\u0107a i Romana Vehovskoja. Masivne pilastere, ni\u0161e i balkone projektovao je Viktor Lukomski. Sagra\u0111ena je 1923. godine. <\/div>\n<p><a href=\"mailto:office@mihajlaw.com\">e-mail<\/a><\/p>\n<\/div>\n<ul>\n<li>\n<p>45.1045,21.2805<\/p>\n<h3>Belgrado<\/h3>\n<div>Kneza Mihaila 34\/II<br \/>\n11000 Beograd, Serbia<\/div>\n<\/li>\n<li>\n<p>44.8179,20.4571<\/p>\n<h3>Vr\u0161ac<\/h3>\n<div>Sterijina br. 50<br \/>\n23600 Vr\u0161ac, Serbia<\/div>\n<\/li>\n<\/ul>\n<p><!--more--><br \/>\n<!-- {\"type\":\"layout\",\"children\":[{\"type\":\"section\",\"props\":{\"header_transparent\":\"dark\",\"header_transparent_noplaceholder\":false,\"height\":\"full\",\"image_position\":\"center-center\",\"overlap\":false,\"padding_remove_bottom\":false,\"padding_remove_top\":false,\"sticky\":\"\",\"style\":\"muted\",\"title_breakpoint\":\"xl\",\"title_position\":\"top-left\",\"title_rotation\":\"left\",\"vertical_align\":\"middle\",\"width\":\"\"},\"children\":[{\"type\":\"row\",\"props\":{\"layout\":\"1-5,1-5,3-5|1-2,1-2,1-1\",\"margin\":\"remove-vertical\",\"row_gap\":\"collapse\"},\"children\":[{\"type\":\"column\",\"props\":{\"class\":\"\",\"image_position\":\"center-center\",\"media_overlay_gradient\":\"\",\"position_sticky_breakpoint\":\"m\",\"vertical_align\":\"bottom\",\"width_default\":\"1-5\",\"width_medium\":\"\",\"width_small\":\"\"},\"children\":[]},{\"type\":\"column\",\"props\":{\"image_position\":\"center-center\",\"media_overlay_gradient\":\"\",\"position_sticky_breakpoint\":\"m\",\"width_default\":\"1-5\",\"width_medium\":\"\",\"width_small\":\"\"},\"children\":[]},{\"type\":\"column\",\"props\":{\"image_position\":\"center-center\",\"media_overlay_gradient\":\"\",\"position_sticky_breakpoint\":\"m\",\"width_default\":\"expand\",\"width_medium\":\"\",\"width_small\":\"\"},\"children\":[]}]},{\"type\":\"row\",\"children\":[{\"type\":\"column\",\"props\":{\"image_position\":\"center-center\",\"media_overlay_gradient\":\"\",\"position_sticky_breakpoint\":\"m\",\"width_medium\":\"2-5\",\"width_small\":\"\"},\"children\":[{\"type\":\"overlay-slider\",\"props\":{\"link_style\":\"default\",\"link_text\":\"Read more\",\"margin\":\"default\",\"meta_align\":\"below-title\",\"meta_element\":\"div\",\"meta_style\":\"text-meta\",\"nav\":\"dotnav\",\"nav_align\":\"center\",\"nav_breakpoint\":\"s\",\"overlay_mode\":\"cover\",\"overlay_position\":\"center\",\"overlay_transition\":\"fade\",\"show_content\":false,\"show_hover_image\":false,\"show_link\":false,\"show_meta\":false,\"show_title\":false,\"slidenav\":\"default\",\"slidenav_breakpoint\":\"s\",\"slidenav_margin\":\"medium\",\"slidenav_outside_breakpoint\":\"xl\",\"slider_autoplay_pause\":true,\"slider_gap\":\"default\",\"slider_height\":\"\",\"slider_width\":\"fixed\",\"slider_width_default\":\"1-1\",\"slider_width_large\":\"5-6\",\"slider_width_medium\":\"1-3\",\"text_align\":\"center\",\"title_element\":\"h3\",\"title_hover_style\":\"reset\"},\"children\":[{\"type\":\"overlay-slider_item\",\"props\":{\"image\":\"wp-content\\\/uploads\\\/2022\\\/12\\\/DIZ_5048b-copy-1.jpg\"}}]}]},{\"type\":\"column\",\"props\":{\"image_position\":\"center-center\",\"media_overlay_gradient\":\"\",\"position_sticky_breakpoint\":\"m\",\"width_medium\":\"3-5\",\"width_small\":\"\"},\"children\":[{\"type\":\"headline\",\"props\":{\"animation\":\"parallax\",\"content\":\"U centru <span class=\\\"uk-text-primary\\\"><br \/>Beograda<\\\/span> <br \/>i u Vr\\u0161cu\",\"margin\":\"medium\",\"margin_remove_top\":false,\"maxwidth\":\"xlarge\",\"title_element\":\"h1\",\"title_style\":\"heading-small\"}},{\"type\":\"image\",\"props\":{\"animation\":\"parallax\",\"image\":\"wp-content\\\/uploads\\\/contact-mobile.jpg\",\"image_svg_color\":\"emphasis\",\"image_width\":\"900\",\"margin\":\"default\",\"parallax_breakpoint\":\"m\",\"parallax_easing\":\"1\",\"parallax_y\":\"0,50\",\"text_align\":\"left\",\"visibility\":\"hidden-m\"}},{\"name\":\"\",\"type\":\"grid\",\"props\":{\"content_column_breakpoint\":\"m\",\"filter_align\":\"left\",\"filter_all\":true,\"filter_grid_breakpoint\":\"m\",\"filter_grid_width\":\"auto\",\"filter_position\":\"top\",\"filter_style\":\"tab\",\"grid_default\":\"1\",\"grid_medium\":\"\",\"grid_small\":\"2\",\"icon_width\":80,\"image_align\":\"top\",\"image_grid_breakpoint\":\"m\",\"image_grid_width\":\"1-2\",\"image_svg_color\":\"emphasis\",\"item_animation\":true,\"link_style\":\"text\",\"link_target\":true,\"link_text\":\"Mapa\\\/lokacija\",\"margin\":\"default\",\"meta_align\":\"below-title\",\"meta_element\":\"div\",\"meta_style\":\"text-meta\",\"panel_padding\":\"default\",\"panel_style\":\"tile-default\",\"parallax_easing\":\"1\",\"show_content\":true,\"show_image\":true,\"show_link\":true,\"show_meta\":true,\"show_title\":true,\"title_align\":\"top\",\"title_element\":\"h2\",\"title_grid_breakpoint\":\"m\",\"title_grid_width\":\"1-2\",\"title_hover_style\":\"reset\",\"title_style\":\"h3\"},\"children\":[{\"name\":\"\",\"type\":\"grid_item\",\"props\":{\"content\":\"\n\n<ul class=\\\"uk-list\\\">\\n    \n\n<li>Kneza Mihaila 34\\\/II<\\\/li>\\n    \n\n<li>11000  | Beograd | Srbija<\\\/li>\\n<\\\/ul>\\n\n\n<p><a href=\\\"tel:+38111-263-6059\\\">+(381 11) 263-6059<\\\/a><\\\/p>\\n\\n\n\n<li><a \\n\n\n<li><a href=\\\"mailto:office@mihajlaw.com\\\">office@mihajlaw.com<\\\/a><\\\/li>\",\"link\":\"https:\\\/\\\/goo.gl\\\/maps\\\/GCDrit5rkwWvPgtRA\",\"meta\":\"Advokatska kancelarija\",\"title\":\"BEOGRAD\"}},{\"name\":\"\",\"type\":\"grid_item\",\"props\":{\"content\":\"\n\n<ul class=\\\"uk-list\\\">\\n    \n\n<li>Sterijina 50<\\\/li>\\n    \n\n<li>23600 | Vr\\u0161ac | Srbija<\\\/li>\\n<\\\/ul>\\n\n\n<p><a href=\\\"tel:+38113-83-0795\\\">+(381 13) 83-0795<\\\/a><\\\/p>\\n\\n\n\n<li><a \\n\n\n<li><a href=\\\"mailto:office.vrsac@mihajlaw.com\\\">office.vrsac@mihajlaw.com<\\\/a><\\\/li>\",\"link\":\"https:\\\/\\\/goo.gl\\\/maps\\\/SjsdvBseh3zL2vC8A\",\"meta\":\"ADVOKATSKA KANCELARIJA\",\"title\":\"VR\\u0160AC\"}}]},{\"type\":\"social\",\"props\":{\"class\":\"uk-display-inline-block uk-position-center-right uk-margin-medium-right uk-z-index\",\"grid\":\"vertical\",\"grid_gap\":\"small\",\"grid_vertical_breakpoint\":\"\",\"link_style\":\"button\",\"link_target\":true,\"margin\":\"default\",\"margin_remove_top\":true,\"position_z_index\":\"1\",\"text_align\":\"right\",\"visibility\":\"xl\"},\"children\":[{\"type\":\"social_item\",\"props\":{\"link\":\"https:\\\/\\\/facebook.com\"}},{\"type\":\"social_item\",\"props\":{\"link\":\"https:\\\/\\\/www.instagram.com\\\/\"}},{\"type\":\"social_item\",\"props\":{\"link\":\"https:\\\/\\\/www.linkedin.com\"}}],\"modified\":\"2021-10-14T09:25:21.470Z\",\"name\":\"Socials\"}]}],\"props\":{\"column_gap\":\"large\",\"layout\":\"2-5,3-5\",\"margin\":\"remove-vertical\",\"margin_remove_bottom\":true,\"width\":\"default\"}}],\"name\":\"Contact\",\"modified\":\"2021-10-14T12:35:53.841Z\"},{\"name\":\"u centru beograda u pesackoj zoni\",\"type\":\"section\",\"props\":{\"animation_delay\":false,\"header_overlay\":\"light\",\"height_viewport\":false,\"image\":\"wp-content\\\/uploads\\\/2023\\\/03\\\/mihaj-law-lokacija-bw-1.jpeg\",\"image_effect\":\"parallax\",\"image_parallax_bgy\":\"-100,100\",\"image_parallax_breakpoint\":\"m\",\"image_parallax_easing\":\"1\",\"image_position\":\"center-center\",\"image_size\":\"cover\",\"image_width\":\"1560\",\"media\":\"\",\"media_overlay\":\"rgba(8, 7, 7, 0.14)\",\"padding\":\"xlarge\",\"padding_remove_top\":false,\"style\":\"default\",\"title_breakpoint\":\"xl\",\"title_position\":\"top-left\",\"title_rotation\":\"left\",\"vertical_align\":\"middle\",\"width\":\"small\"},\"children\":[{\"name\":\"\",\"type\":\"row\",\"props\":{\"column_gap\":\"small\",\"layout\":\"1-2,1-2\",\"row_gap\":\"small\",\"vertical_align\":false,\"width\":\"default\"},\"children\":[{\"name\":\"\",\"type\":\"column\",\"props\":{\"image_position\":\"center-center\",\"media_overlay_gradient\":\"\",\"position_sticky_breakpoint\":\"m\",\"width_medium\":\"1-2\"},\"children\":[{\"type\":\"panel\",\"props\":{\"block_align\":\"center\",\"class\":\"uk-width-xlarge@m\",\"content\":\"Kancelarija <i>MIHAJ LAW <\\\/i> nalazi se u Ulici kneza Mihaila 34\\\/II, u stambeno-poslovnoj zgradi, koja je gra\\u0111ena po projektima dvojice poznatih arhitekata, Koste J. Jovanovi\\u0107a i Romana Vehovskoja. Masivne pilastere, ni\\u0161e i balkone projektovao je Viktor Lukomski. Sagra\\u0111ena je 1923. godine. \",\"content_align\":false,\"content_column_breakpoint\":\"m\",\"icon_width\":80,\"image_align\":\"top\",\"image_grid_breakpoint\":\"m\",\"image_grid_width\":\"1-2\",\"image_svg_color\":\"emphasis\",\"link\":\"mailto:office@mihajlaw.com\",\"link_margin\":\"large\",\"link_style\":\"secondary\",\"link_text\":\"email\",\"margin\":\"small\",\"maxwidth\":\"large\",\"meta\":\"BEOGRAD, SRBIJA\",\"meta_align\":\"above-title\",\"meta_element\":\"div\",\"meta_margin\":\"small\",\"meta_style\":\"h6\",\"panel_padding\":\"default\",\"panel_style\":\"card-default\",\"text_align\":\"center\",\"title\":\"U CENTRU BEOGRADA U PE\\u0160A\\u010cKOJ TURISTI\\u010cKOJ ZONI\",\"title_align\":\"top\",\"title_color\":\"primary\",\"title_element\":\"h2\",\"title_grid_breakpoint\":\"m\",\"title_grid_width\":\"1-2\",\"title_hover_style\":\"reset\",\"title_margin\":\"small\",\"title_style\":\"heading-small\"}}]},{\"name\":\"\",\"type\":\"column\",\"props\":{\"image_position\":\"center-center\",\"media_overlay_gradient\":\"\",\"position_sticky_breakpoint\":\"m\",\"width_medium\":\"1-2\"},\"children\":[]}]}]},{\"type\":\"section\",\"props\":{\"image_position\":\"center-center\",\"padding\":\"large\",\"style\":\"default\",\"title_breakpoint\":\"xl\",\"title_position\":\"top-left\",\"title_rotation\":\"left\",\"vertical_align\":\"middle\",\"width\":\"default\"},\"children\":[{\"type\":\"row\",\"props\":{\"margin\":\"xlarge\"},\"children\":[{\"type\":\"column\",\"props\":{\"image_position\":\"center-center\",\"media_overlay_gradient\":\"\",\"position_sticky_breakpoint\":\"m\",\"width_medium\":\"1-1\"},\"children\":[{\"type\":\"map\",\"props\":{\"controls\":true,\"dragging\":true,\"height\":\"500\",\"image_svg_color\":\"emphasis\",\"link_style\":\"default\",\"link_text\":\"Read more\",\"margin\":\"default\",\"max_zoom\":18,\"meta_align\":\"below-title\",\"meta_element\":\"div\",\"meta_style\":\"text-meta\",\"min_zoom\":0,\"poi\":false,\"show_content\":true,\"show_image\":true,\"show_link\":true,\"show_meta\":true,\"show_title\":true,\"styler_hue\":\"#EBEEF0\",\"styler_lightness\":\"20\",\"styler_saturation\":\"-70\",\"title_element\":\"h3\",\"title_hover_style\":\"reset\",\"type\":\"roadmap\",\"zoom\":\"9\",\"zooming\":true},\"children\":[{\"type\":\"map_item\",\"props\":{\"content\":\"Kneza Mihaila 34\\\/II<br \/>\\n11000 Beograd, Serbia\",\"link\":\"\",\"location\":\"45.1045,21.2805\",\"title\":\"Beograd\"}},{\"type\":\"map_item\",\"props\":{\"content\":\"Sterijina br. 50<br \/>\\n23600 Vr\\u0161ac, Serbia\",\"link\":\"\",\"location\":\"44.8179,20.4571\",\"title\":\"Vr\\u0161ac\"}}]}]}]}],\"name\":\"Contact\"}],\"version\":\"3.0.23\"} --><\/p>","protected":false},"excerpt":{"rendered":"<p>U centru Beograda i u Vr\u0161cu BEOGRAD Advokatska kancelarija Kneza Mihaila 34\/II 11000 | Beograd | Srbija +(381 11) 263-6059<\/p>","protected":false},"author":1,"featured_media":0,"parent":0,"menu_order":0,"comment_status":"closed","ping_status":"closed","template":"","meta":[],"yoast_head":"<!-- This site is optimized with the Yoast SEO plugin v20.3 - https:\/\/yoast.com\/wordpress\/plugins\/seo\/ -->\n<title>KONTAKT | Mihaj Law<\/title>\n<meta name=\"robots\" content=\"index, follow, max-snippet:-1, max-image-preview:large, max-video-preview:-1\" \/>\n<link rel=\"canonical\" href=\"https:\/\/mihajlaw.com\/it\/kontakt\/\" \/>\n<meta property=\"og:locale\" content=\"it_IT\" \/>\n<meta property=\"og:type\" content=\"article\" \/>\n<meta property=\"og:title\" content=\"KONTAKT | Mihaj Law\" \/>\n<meta property=\"og:description\" content=\"U centru Beograda i u Vr\u0161cu BEOGRAD Advokatska kancelarija Kneza Mihaila 34\/II 11000 | Beograd | Srbija +(381 11) 263-6059\" \/>\n<meta property=\"og:url\" content=\"https:\/\/mihajlaw.com\/it\/kontakt\/\" \/>\n<meta property=\"og:site_name\" content=\"Mihaj Law\" \/>\n<meta property=\"article:modified_time\" content=\"2023-03-26T10:16:28+00:00\" \/>\n<meta property=\"og:image\" content=\"https:\/\/mihajlaw.com\/wp-content\/uploads\/2023\/03\/mijhaj-law-logo-e1678916398425.jpg\" \/>\n\t<meta property=\"og:image:width\" content=\"1373\" \/>\n\t<meta property=\"og:image:height\" content=\"641\" \/>\n\t<meta property=\"og:image:type\" content=\"image\/jpeg\" \/>\n<meta name=\"twitter:card\" content=\"summary_large_image\" \/>\n<meta name=\"twitter:label1\" content=\"Tempo di lettura stimato\" \/>\n\t<meta name=\"twitter:data1\" content=\"2 minuti\" \/>\n<script type=\"application\/ld+json\" class=\"yoast-schema-graph\">{\"@context\":\"https:\/\/schema.org\",\"@graph\":[{\"@type\":\"WebPage\",\"@id\":\"https:\/\/mihajlaw.com\/kontakt\/\",\"url\":\"https:\/\/mihajlaw.com\/kontakt\/\",\"name\":\"KONTAKT | Mihaj Law\",\"isPartOf\":{\"@id\":\"https:\/\/mihajlaw.com\/#website\"},\"datePublished\":\"2022-12-03T09:39:42+00:00\",\"dateModified\":\"2023-03-26T10:16:28+00:00\",\"breadcrumb\":{\"@id\":\"https:\/\/mihajlaw.com\/kontakt\/#breadcrumb\"},\"inLanguage\":\"it-IT\",\"potentialAction\":[{\"@type\":\"ReadAction\",\"target\":[\"https:\/\/mihajlaw.com\/kontakt\/\"]}]},{\"@type\":\"BreadcrumbList\",\"@id\":\"https:\/\/mihajlaw.com\/kontakt\/#breadcrumb\",\"itemListElement\":[{\"@type\":\"ListItem\",\"position\":1,\"name\":\"Home\",\"item\":\"https:\/\/mihajlaw.com\/\"},{\"@type\":\"ListItem\",\"position\":2,\"name\":\"KONTAKT\"}]},{\"@type\":\"WebSite\",\"@id\":\"https:\/\/mihajlaw.com\/#website\",\"url\":\"https:\/\/mihajlaw.com\/\",\"name\":\"Mihaj Law\",\"description\":\"ADVOKATURA PO MERI KLIJENTA\",\"publisher\":{\"@id\":\"https:\/\/mihajlaw.com\/#organization\"},\"potentialAction\":[{\"@type\":\"SearchAction\",\"target\":{\"@type\":\"EntryPoint\",\"urlTemplate\":\"https:\/\/mihajlaw.com\/?s={search_term_string}\"},\"query-input\":\"required name=search_term_string\"}],\"inLanguage\":\"it-IT\"},{\"@type\":\"Organization\",\"@id\":\"https:\/\/mihajlaw.com\/#organization\",\"name\":\"MIHAJ LAW\",\"url\":\"https:\/\/mihajlaw.com\/\",\"logo\":{\"@type\":\"ImageObject\",\"inLanguage\":\"it-IT\",\"@id\":\"https:\/\/mihajlaw.com\/#\/schema\/logo\/image\/\",\"url\":\"https:\/\/mihajlaw.com\/wp-content\/uploads\/2023\/03\/mijhaj-law-logo-e1678916398425.jpg\",\"contentUrl\":\"https:\/\/mihajlaw.com\/wp-content\/uploads\/2023\/03\/mijhaj-law-logo-e1678916398425.jpg\",\"width\":1373,\"height\":641,\"caption\":\"MIHAJ LAW\"},\"image\":{\"@id\":\"https:\/\/mihajlaw.com\/#\/schema\/logo\/image\/\"}}]}<\/script>\n<!-- \/ Yoast SEO plugin. -->","yoast_head_json":{"title":"KONTAKT | Mihaj Law","robots":{"index":"index","follow":"follow","max-snippet":"max-snippet:-1","max-image-preview":"max-image-preview:large","max-video-preview":"max-video-preview:-1"},"canonical":"https:\/\/mihajlaw.com\/it\/kontakt\/","og_locale":"it_IT","og_type":"article","og_title":"KONTAKT | Mihaj Law","og_description":"U centru Beograda i u Vr\u0161cu BEOGRAD Advokatska kancelarija Kneza Mihaila 34\/II 11000 | Beograd | Srbija +(381 11) 263-6059","og_url":"https:\/\/mihajlaw.com\/it\/kontakt\/","og_site_name":"Mihaj Law","article_modified_time":"2023-03-26T10:16:28+00:00","og_image":[{"width":1373,"height":641,"url":"https:\/\/mihajlaw.com\/wp-content\/uploads\/2023\/03\/mijhaj-law-logo-e1678916398425.jpg","type":"image\/jpeg"}],"twitter_card":"summary_large_image","twitter_misc":{"Tempo di lettura stimato":"2 minuti"},"schema":{"@context":"https:\/\/schema.org","@graph":[{"@type":"WebPage","@id":"https:\/\/mihajlaw.com\/kontakt\/","url":"https:\/\/mihajlaw.com\/kontakt\/","name":"KONTAKT | Mihaj Law","isPartOf":{"@id":"https:\/\/mihajlaw.com\/#website"},"datePublished":"2022-12-03T09:39:42+00:00","dateModified":"2023-03-26T10:16:28+00:00","breadcrumb":{"@id":"https:\/\/mihajlaw.com\/kontakt\/#breadcrumb"},"inLanguage":"it-IT","potentialAction":[{"@type":"ReadAction","target":["https:\/\/mihajlaw.com\/kontakt\/"]}]},{"@type":"BreadcrumbList","@id":"https:\/\/mihajlaw.com\/kontakt\/#breadcrumb","itemListElement":[{"@type":"ListItem","position":1,"name":"Home","item":"https:\/\/mihajlaw.com\/"},{"@type":"ListItem","position":2,"name":"KONTAKT"}]},{"@type":"WebSite","@id":"https:\/\/mihajlaw.com\/#website","url":"https:\/\/mihajlaw.com\/","name":"Mihaj Law","description":"ADVOKATURA PO MERI KLIJENTA","publisher":{"@id":"https:\/\/mihajlaw.com\/#organization"},"potentialAction":[{"@type":"SearchAction","target":{"@type":"EntryPoint","urlTemplate":"https:\/\/mihajlaw.com\/?s={search_term_string}"},"query-input":"required name=search_term_string"}],"inLanguage":"it-IT"},{"@type":"Organization","@id":"https:\/\/mihajlaw.com\/#organization","name":"MIHAJ LAW.","url":"https:\/\/mihajlaw.com\/","logo":{"@type":"ImageObject","inLanguage":"it-IT","@id":"https:\/\/mihajlaw.com\/#\/schema\/logo\/image\/","url":"https:\/\/mihajlaw.com\/wp-content\/uploads\/2023\/03\/mijhaj-law-logo-e1678916398425.jpg","contentUrl":"https:\/\/mihajlaw.com\/wp-content\/uploads\/2023\/03\/mijhaj-law-logo-e1678916398425.jpg","width":1373,"height":641,"caption":"MIHAJ LAW"},"image":{"@id":"https:\/\/mihajlaw.com\/#\/schema\/logo\/image\/"}}]}},"_links":{"self":[{"href":"https:\/\/mihajlaw.com\/it\/wp-json\/wp\/v2\/pages\/425"}],"collection":[{"href":"https:\/\/mihajlaw.com\/it\/wp-json\/wp\/v2\/pages"}],"about":[{"href":"https:\/\/mihajlaw.com\/it\/wp-json\/wp\/v2\/types\/page"}],"author":[{"embeddable":true,"href":"https:\/\/mihajlaw.com\/it\/wp-json\/wp\/v2\/users\/1"}],"replies":[{"embeddable":true,"href":"https:\/\/mihajlaw.com\/it\/wp-json\/wp\/v2\/comments?post=425"}],"version-history":[{"count":85,"href":"https:\/\/mihajlaw.com\/it\/wp-json\/wp\/v2\/pages\/425\/revisions"}],"predecessor-version":[{"id":5537,"href":"https:\/\/mihajlaw.com\/it\/wp-json\/wp\/v2\/pages\/425\/revisions\/5537"}],"wp:attachment":[{"href":"https:\/\/mihajlaw.com\/it\/wp-json\/wp\/v2\/media?parent=425"}],"curies":[{"name":"wp","href":"https:\/\/api.w.org\/{rel}","templated":true}]}}