{"id":6043,"date":"2023-04-24T23:07:26","date_gmt":"2023-04-24T23:07:26","guid":{"rendered":"https:\/\/mihajlaw.com\/?page_id=6043"},"modified":"2023-05-24T15:28:29","modified_gmt":"2023-05-24T15:28:29","slug":"ivana-djordjevic","status":"publish","type":"page","link":"https:\/\/mihajlaw.com\/it\/ivana-djordjevic\/","title":{"rendered":"Ivana \u0110or\u0111evi\u0107"},"content":{"rendered":"<h1>IVANA \u0110OR\u0110EVI\u0106<\/h1>\n<div>\n<p>OFFICE MANAGER<\/p>\n<\/div>\n<p><img decoding=\"async\" src=\"\/wp-content\/uploads\/2023\/05\/Ivana-Dordevic-DSC_6171-R-low-res.jpg\" alt=\"\"><\/p>\n<ul>\n<li>\n        <a href=\"tel:+ 381 11 2 636  059\">+ 381 11 2 636  059<\/a>\n    <\/li>\n<li>\n        <a href=\"tel:+ 381  60 451 61 82\">+ 381  60 451 61 82<\/a>\n    <\/li>\n<\/ul>\n<p>\n    <a href=\"mailto:ivana.djordjevic@mihajlaw.com\"> ivana.djordjevic@mihajlaw.com<\/a>\n<\/p>\n<div>\n<p>Ivana je apsolvent Odseka za italijanski jezik  Filolo\u0161kog fakulteta Univerziteta u Beogradu. Iskustvo je sticala rade\u0107i u kol centru na poslovima  agenta  za italijanski jezik.<br \/>\nOblast njenog rada jeste prevo\u0111enje na italijanski jezik i sa njega.<\/p>\n<p>Govori italijanski i ruski jezik.<br \/>\n<br \/>Ivanina interesovanja vezuju se za odlaske u pozori\u0161te, \u010ditanje i slu\u0161anje muzike.<\/p>\n<\/div>\n<hr>\n<p><!--more--><br \/>\n<!-- {\"type\":\"layout\",\"children\":[{\"name\":\"VLADIMIR MIHAJ BIOGRAFIJA\",\"type\":\"section\",\"props\":{\"animation_delay\":false,\"image\":\"wp-content\\\/uploads\\\/2022\\\/12\\\/m-1-scaled.jpg\",\"image_height\":\"1400\",\"image_position\":\"center-center\",\"padding\":\"large\",\"style\":\"default\",\"title_breakpoint\":\"xl\",\"title_position\":\"top-left\",\"title_rotation\":\"left\",\"vertical_align\":\"middle\",\"width\":\"default\"},\"children\":[{\"name\":\"\",\"type\":\"row\",\"children\":[{\"name\":\"\",\"type\":\"column\",\"props\":{\"image_position\":\"center-center\",\"media_overlay_gradient\":\"\",\"position_sticky_breakpoint\":\"m\",\"width_medium\":\"1-1\"},\"children\":[{\"name\":\"\",\"type\":\"headline\",\"props\":{\"content\":\"IVANA \\u0110OR\\u0110EVI\\u0106\",\"margin\":\"small\",\"title_decoration\":\"bullet\",\"title_element\":\"h1\",\"title_style\":\"h2\"}},{\"name\":\"\",\"type\":\"text\",\"props\":{\"column_breakpoint\":\"m\",\"content\":\"\n\n<p>OFFICE MANAGER<\\\/p>\",\"margin\":\"remove-vertical\"}}]}]},{\"name\":\"\",\"type\":\"row\",\"props\":{\"column_gap\":\"small\",\"divider\":true,\"layout\":\"1-3,2-3\",\"row_gap\":\"medium\"},\"children\":[{\"name\":\"\",\"type\":\"column\",\"props\":{\"image_position\":\"center-center\",\"media_overlay_gradient\":\"\",\"position_sticky_breakpoint\":\"m\",\"width_small\":\"1-3\"},\"children\":[{\"name\":\"\",\"type\":\"image\",\"props\":{\"image\":\"wp-content\\\/uploads\\\/2023\\\/05\\\/Ivana-Dordevic-DSC_6171-R-low-res.jpg\",\"image_loading\":true,\"image_svg_color\":\"emphasis\",\"image_width\":\"600\",\"margin\":\"default\"}},{\"name\":\"\",\"type\":\"button\",\"props\":{\"grid_column_gap\":\"small\",\"grid_row_gap\":\"small\",\"margin\":\"remove-vertical\"},\"children\":[{\"name\":\"\",\"type\":\"button_item\",\"props\":{\"button_style\":\"link-text\",\"content\":\"+ 381 11 2 636  059\",\"icon\":\"receiver\",\"icon_align\":\"left\",\"link\":\"tel:+ 381 11 2 636  059\"}},{\"name\":\"\",\"type\":\"button_item\",\"props\":{\"button_style\":\"link-text\",\"content\":\"+ 381  60 451 61 82\",\"icon\":\"receiver\",\"icon_align\":\"left\",\"link\":\"tel:+ 381  60 451 61 82\"}}]},{\"name\":\"\",\"type\":\"button\",\"props\":{\"grid_column_gap\":\"small\",\"grid_row_gap\":\"small\",\"margin\":\"remove-vertical\"},\"children\":[{\"name\":\"\",\"type\":\"button_item\",\"props\":{\"button_style\":\"\",\"content\":\" ivana.djordjevic@mihajlaw.com\",\"icon\":\"mail\",\"icon_align\":\"left\",\"link\":\"mailto:ivana.djordjevic@mihajlaw.com\"}}]}]},{\"name\":\"\",\"type\":\"column\",\"props\":{\"image\":\"\",\"image_position\":\"center-center\",\"media_overlay_gradient\":\"\",\"position_sticky_breakpoint\":\"m\",\"width_small\":\"2-3\"},\"children\":[{\"name\":\"\",\"type\":\"text\",\"props\":{\"column_breakpoint\":\"m\",\"content\":\"\n\n<p>Ivana je apsolvent Odseka za italijanski jezik  Filolo\\u0161kog fakulteta Univerziteta u Beogradu. Iskustvo je sticala rade\\u0107i u kol centru na poslovima  agenta  za italijanski jezik.\\nOblast njenog rada jeste prevo\\u0111enje na italijanski jezik i sa njega.\\n<br \\\/><br \\\/>Govori italijanski i ruski jezik.\\n<br \\\/>Ivanina interesovanja vezuju se za odlaske u pozori\\u0161te, \\u010ditanje i slu\\u0161anje muzike.<\\\/p>\",\"margin\":\"default\",\"text_align\":\"left\"}}]}]},{\"type\":\"row\",\"children\":[{\"type\":\"column\",\"props\":{\"image_position\":\"center-center\",\"media_overlay_gradient\":\"\",\"position_sticky_breakpoint\":\"m\"},\"children\":[{\"type\":\"divider\",\"props\":{\"divider_element\":\"hr\"}}]}]}]}],\"version\":\"3.0.23\"} --><\/p>","protected":false},"excerpt":{"rendered":"<p>IVANA \u0110OR\u0110EVI\u0106 OFFICE MANAGER + 381 11 2 636 059 + 381 60 451 61 82 ivana.djordjevic@mihajlaw.com Ivana je apsolvent Odseka za italijanski jezik Filolo\u0161kog fakulteta Univerziteta u Beogradu. Iskustvo je sticala rade\u0107i u kol centru na poslovima agenta za italijanski jezik. Oblast njenog rada jeste prevo\u0111enje na italijanski jezik i sa njega. Govori italijanski [&hellip;]<\/p>","protected":false},"author":1,"featured_media":0,"parent":0,"menu_order":0,"comment_status":"closed","ping_status":"closed","template":"","meta":[],"yoast_head":"<!-- This site is optimized with the Yoast SEO plugin v20.3 - https:\/\/yoast.com\/wordpress\/plugins\/seo\/ -->\n<title>Ivana \u0110or\u0111evi\u0107 | Mihaj Law<\/title>\n<meta name=\"robots\" content=\"index, follow, max-snippet:-1, max-image-preview:large, max-video-preview:-1\" \/>\n<link rel=\"canonical\" href=\"https:\/\/mihajlaw.com\/it\/ivana-djordjevic\/\" \/>\n<meta property=\"og:locale\" content=\"it_IT\" \/>\n<meta property=\"og:type\" content=\"article\" \/>\n<meta property=\"og:title\" content=\"Ivana \u0110or\u0111evi\u0107 | Mihaj Law\" \/>\n<meta property=\"og:description\" content=\"IVANA \u0110OR\u0110EVI\u0106 OFFICE MANAGER + 381 11 2 636 059 + 381 60 451 61 82 ivana.djordjevic@mihajlaw.com Ivana je apsolvent Odseka za italijanski jezik Filolo\u0161kog fakulteta Univerziteta u Beogradu. Iskustvo je sticala rade\u0107i u kol centru na poslovima agenta za italijanski jezik. Oblast njenog rada jeste prevo\u0111enje na italijanski jezik i sa njega. Govori italijanski [&hellip;]\" \/>\n<meta property=\"og:url\" content=\"https:\/\/mihajlaw.com\/it\/ivana-djordjevic\/\" \/>\n<meta property=\"og:site_name\" content=\"Mihaj Law\" \/>\n<meta property=\"article:modified_time\" content=\"2023-05-24T15:28:29+00:00\" \/>\n<meta property=\"og:image\" content=\"https:\/\/mihajlaw.com\/wp-content\/uploads\/2023\/03\/mijhaj-law-logo-e1678916398425.jpg\" \/>\n\t<meta property=\"og:image:width\" content=\"1373\" \/>\n\t<meta property=\"og:image:height\" content=\"641\" \/>\n\t<meta property=\"og:image:type\" content=\"image\/jpeg\" \/>\n<meta name=\"twitter:card\" content=\"summary_large_image\" \/>\n<script type=\"application\/ld+json\" class=\"yoast-schema-graph\">{\"@context\":\"https:\/\/schema.org\",\"@graph\":[{\"@type\":\"WebPage\",\"@id\":\"https:\/\/mihajlaw.com\/ivana-djordjevic\/\",\"url\":\"https:\/\/mihajlaw.com\/ivana-djordjevic\/\",\"name\":\"Ivana \u0110or\u0111evi\u0107 | Mihaj Law\",\"isPartOf\":{\"@id\":\"https:\/\/mihajlaw.com\/#website\"},\"datePublished\":\"2023-04-24T23:07:26+00:00\",\"dateModified\":\"2023-05-24T15:28:29+00:00\",\"breadcrumb\":{\"@id\":\"https:\/\/mihajlaw.com\/ivana-djordjevic\/#breadcrumb\"},\"inLanguage\":\"it-IT\",\"potentialAction\":[{\"@type\":\"ReadAction\",\"target\":[\"https:\/\/mihajlaw.com\/ivana-djordjevic\/\"]}]},{\"@type\":\"BreadcrumbList\",\"@id\":\"https:\/\/mihajlaw.com\/ivana-djordjevic\/#breadcrumb\",\"itemListElement\":[{\"@type\":\"ListItem\",\"position\":1,\"name\":\"Home\",\"item\":\"https:\/\/mihajlaw.com\/\"},{\"@type\":\"ListItem\",\"position\":2,\"name\":\"Ivana \u0110or\u0111evi\u0107\"}]},{\"@type\":\"WebSite\",\"@id\":\"https:\/\/mihajlaw.com\/#website\",\"url\":\"https:\/\/mihajlaw.com\/\",\"name\":\"Mihaj Law\",\"description\":\"ADVOKATURA PO MERI KLIJENTA\",\"publisher\":{\"@id\":\"https:\/\/mihajlaw.com\/#organization\"},\"potentialAction\":[{\"@type\":\"SearchAction\",\"target\":{\"@type\":\"EntryPoint\",\"urlTemplate\":\"https:\/\/mihajlaw.com\/?s={search_term_string}\"},\"query-input\":\"required name=search_term_string\"}],\"inLanguage\":\"it-IT\"},{\"@type\":\"Organization\",\"@id\":\"https:\/\/mihajlaw.com\/#organization\",\"name\":\"MIHAJ LAW\",\"url\":\"https:\/\/mihajlaw.com\/\",\"logo\":{\"@type\":\"ImageObject\",\"inLanguage\":\"it-IT\",\"@id\":\"https:\/\/mihajlaw.com\/#\/schema\/logo\/image\/\",\"url\":\"https:\/\/mihajlaw.com\/wp-content\/uploads\/2023\/03\/mijhaj-law-logo-e1678916398425.jpg\",\"contentUrl\":\"https:\/\/mihajlaw.com\/wp-content\/uploads\/2023\/03\/mijhaj-law-logo-e1678916398425.jpg\",\"width\":1373,\"height\":641,\"caption\":\"MIHAJ LAW\"},\"image\":{\"@id\":\"https:\/\/mihajlaw.com\/#\/schema\/logo\/image\/\"}}]}<\/script>\n<!-- \/ Yoast SEO plugin. -->","yoast_head_json":{"title":"Ivana \u0110or\u0111evi\u0107 | Mihaj Law","robots":{"index":"index","follow":"follow","max-snippet":"max-snippet:-1","max-image-preview":"max-image-preview:large","max-video-preview":"max-video-preview:-1"},"canonical":"https:\/\/mihajlaw.com\/it\/ivana-djordjevic\/","og_locale":"it_IT","og_type":"article","og_title":"Ivana \u0110or\u0111evi\u0107 | Mihaj Law","og_description":"IVANA \u0110OR\u0110EVI\u0106 OFFICE MANAGER + 381 11 2 636 059 + 381 60 451 61 82 ivana.djordjevic@mihajlaw.com Ivana je apsolvent Odseka za italijanski jezik Filolo\u0161kog fakulteta Univerziteta u Beogradu. Iskustvo je sticala rade\u0107i u kol centru na poslovima agenta za italijanski jezik. Oblast njenog rada jeste prevo\u0111enje na italijanski jezik i sa njega. Govori italijanski [&hellip;]","og_url":"https:\/\/mihajlaw.com\/it\/ivana-djordjevic\/","og_site_name":"Mihaj Law","article_modified_time":"2023-05-24T15:28:29+00:00","og_image":[{"width":1373,"height":641,"url":"https:\/\/mihajlaw.com\/wp-content\/uploads\/2023\/03\/mijhaj-law-logo-e1678916398425.jpg","type":"image\/jpeg"}],"twitter_card":"summary_large_image","schema":{"@context":"https:\/\/schema.org","@graph":[{"@type":"WebPage","@id":"https:\/\/mihajlaw.com\/ivana-djordjevic\/","url":"https:\/\/mihajlaw.com\/ivana-djordjevic\/","name":"Ivana \u0110or\u0111evi\u0107 | Mihaj Law","isPartOf":{"@id":"https:\/\/mihajlaw.com\/#website"},"datePublished":"2023-04-24T23:07:26+00:00","dateModified":"2023-05-24T15:28:29+00:00","breadcrumb":{"@id":"https:\/\/mihajlaw.com\/ivana-djordjevic\/#breadcrumb"},"inLanguage":"it-IT","potentialAction":[{"@type":"ReadAction","target":["https:\/\/mihajlaw.com\/ivana-djordjevic\/"]}]},{"@type":"BreadcrumbList","@id":"https:\/\/mihajlaw.com\/ivana-djordjevic\/#breadcrumb","itemListElement":[{"@type":"ListItem","position":1,"name":"Home","item":"https:\/\/mihajlaw.com\/"},{"@type":"ListItem","position":2,"name":"Ivana \u0110or\u0111evi\u0107"}]},{"@type":"WebSite","@id":"https:\/\/mihajlaw.com\/#website","url":"https:\/\/mihajlaw.com\/","name":"Mihaj Law","description":"ADVOKATURA PO MERI KLIJENTA","publisher":{"@id":"https:\/\/mihajlaw.com\/#organization"},"potentialAction":[{"@type":"SearchAction","target":{"@type":"EntryPoint","urlTemplate":"https:\/\/mihajlaw.com\/?s={search_term_string}"},"query-input":"required name=search_term_string"}],"inLanguage":"it-IT"},{"@type":"Organization","@id":"https:\/\/mihajlaw.com\/#organization","name":"MIHAJ LAW.","url":"https:\/\/mihajlaw.com\/","logo":{"@type":"ImageObject","inLanguage":"it-IT","@id":"https:\/\/mihajlaw.com\/#\/schema\/logo\/image\/","url":"https:\/\/mihajlaw.com\/wp-content\/uploads\/2023\/03\/mijhaj-law-logo-e1678916398425.jpg","contentUrl":"https:\/\/mihajlaw.com\/wp-content\/uploads\/2023\/03\/mijhaj-law-logo-e1678916398425.jpg","width":1373,"height":641,"caption":"MIHAJ LAW"},"image":{"@id":"https:\/\/mihajlaw.com\/#\/schema\/logo\/image\/"}}]}},"_links":{"self":[{"href":"https:\/\/mihajlaw.com\/it\/wp-json\/wp\/v2\/pages\/6043"}],"collection":[{"href":"https:\/\/mihajlaw.com\/it\/wp-json\/wp\/v2\/pages"}],"about":[{"href":"https:\/\/mihajlaw.com\/it\/wp-json\/wp\/v2\/types\/page"}],"author":[{"embeddable":true,"href":"https:\/\/mihajlaw.com\/it\/wp-json\/wp\/v2\/users\/1"}],"replies":[{"embeddable":true,"href":"https:\/\/mihajlaw.com\/it\/wp-json\/wp\/v2\/comments?post=6043"}],"version-history":[{"count":14,"href":"https:\/\/mihajlaw.com\/it\/wp-json\/wp\/v2\/pages\/6043\/revisions"}],"predecessor-version":[{"id":6096,"href":"https:\/\/mihajlaw.com\/it\/wp-json\/wp\/v2\/pages\/6043\/revisions\/6096"}],"wp:attachment":[{"href":"https:\/\/mihajlaw.com\/it\/wp-json\/wp\/v2\/media?parent=6043"}],"curies":[{"name":"wp","href":"https:\/\/api.w.org\/{rel}","templated":true}]}}